{"id":8641,"date":"2017-10-18T17:33:05","date_gmt":"2017-10-18T15:33:05","guid":{"rendered":"https:\/\/www.ibktropic.com\/idi\/"},"modified":"2025-07-21T16:51:30","modified_gmt":"2025-07-21T14:51:30","slug":"idi","status":"publish","type":"page","link":"https:\/\/www.ibktropic.com\/ca\/idi\/","title":{"rendered":"I+D+i"},"content":{"rendered":"<div class=\"wpb-content-wrapper\"><p>[vc_row css=&#8221;.vc_custom_1597393396937{margin-bottom: 40px !important;}&#8221;][vc_column]\n\t\t\t<!-- START i+D REVOLUTION SLIDER 6.7.34 --><p class=\"rs-p-wp-fix\"><\/p>\n\t\t\t<rs-module-wrap id=\"rev_slider_9_1_wrapper\" data-source=\"gallery\" style=\"visibility:hidden;background:transparent;padding:0;margin:0px auto;margin-top:0;margin-bottom:0;\">\n\t\t\t\t<rs-module id=\"rev_slider_9_1\" style=\"\" data-version=\"6.7.34\">\n\t\t\t\t\t<rs-slides style=\"overflow: hidden; position: absolute;\">\n\t\t\t\t\t\t<rs-slide style=\"position: absolute;\" data-key=\"rs-64\" data-title=\"Slide\" data-anim=\"adpr:false;\" data-in=\"o:0;\" data-out=\"a:false;\">\n\t\t\t\t\t\t\t<img decoding=\"async\" src=\"\/\/www.ibktropic.com\/wp-content\/plugins\/revslider\/sr6\/assets\/assets\/dummy.png\" alt=\"\" title=\"I+D+i\" class=\"rev-slidebg tp-rs-img rs-lazyload\" data-lazyload=\"\/\/www.ibktropic.com\/wp-content\/uploads\/2020\/09\/IBK_01ID-scaled.jpg\" data-no-retina>\n<!--\n\t\t\t\t\t\t\t--><rs-layer\n\t\t\t\t\t\t\t\tid=\"slider-9-slide-64-layer-1\" \n\t\t\t\t\t\t\t\tdata-type=\"text\"\n\t\t\t\t\t\t\t\tdata-color=\"#f9de92\"\n\t\t\t\t\t\t\t\tdata-rsp_ch=\"on\"\n\t\t\t\t\t\t\t\tdata-xy=\"xo:30px;yo:50px,50px,50px,30px;\"\n\t\t\t\t\t\t\t\tdata-text=\"s:35,26,26,24;l:35,30,30,28;fw:900;a:inherit;\"\n\t\t\t\t\t\t\t\tdata-frame_1=\"sR:10;\"\n\t\t\t\t\t\t\t\tdata-frame_999=\"o:0;st:w;sR:8690;\"\n\t\t\t\t\t\t\t\tstyle=\"z-index:5;font-family:'Foco';\"\n\t\t\t\t\t\t\t>El nostre comprom\u00eds:<br>\nservei i innovaci\u00f3 per <br>\nanticipar-nos al que necessiten<br>\nels nostres clients. \n\t\t\t\t\t\t\t<\/rs-layer><!--\n-->\t\t\t\t\t<\/rs-slide>\n\t\t\t\t\t<\/rs-slides>\n\t\t\t\t<\/rs-module>\n\t\t\t\t<script>\n\t\t\t\t\tsetREVStartSize({c: 'rev_slider_9_1',rl:[1240,1024,778,480],el:[550,500,500,500],gw:[1110,1024,778,480],gh:[550,500,500,500],type:'standard',justify:'',layout:'fullwidth',mh:\"0\"});if (window.RS_MODULES!==undefined && window.RS_MODULES.modules!==undefined && window.RS_MODULES.modules[\"revslider91\"]!==undefined) {window.RS_MODULES.modules[\"revslider91\"].once = false;window.revapi9 = undefined;if (window.RS_MODULES.checkMinimal!==undefined) window.RS_MODULES.checkMinimal()}\n\t\t\t\t<\/script>\n\t\t\t<\/rs-module-wrap>\n\t\t\t<!-- END REVOLUTION SLIDER -->\n[\/vc_column][\/vc_row][vc_row][vc_column][vc_column_text css=&#8221;&#8221;]<\/p>\n<h2><strong>Innovem<\/strong><\/h2>\n<hr class=\"customline\" \/>\n<p><strong>Generem nous productes i ingredients (decoracions i inclusions) per a contextos canviants i espec\u00edfics per a cada mercat (vegans, sense sucre afegit, &#8230;). Ens adaptem a les \u00faltimes tend\u00e8ncies en sostenibilitat, comprom\u00eds i efici\u00e8ncia.<\/strong><\/p>\n<p>Disposem de tecnologia pr\u00f2pia per produir envasos naturals a partir de closques de fruita aptes per a l\u2019\u00fas alimentari. Millorem progressivament els nostres productes i incorporem novetats provades al mercat per oferir un servei a mida de les necessitats del mercat.[\/vc_column_text][\/vc_column][\/vc_row][vc_row][vc_column][vc_column_text css=&#8221;&#8221;]<\/p>\n<h1 style=\"text-align: center; font-weight: bold;\">Oferim tecnologia<br \/>\ni coneixement per crear productes amb sabor,<br \/>\ninnovaci\u00f3 i originalitat.<\/h1>\n<p>[\/vc_column_text][\/vc_column][\/vc_row][vc_row][vc_column][vc_column_text css=&#8221;&#8221;]<\/p>\n<h2><strong>IBK en xifres (\u00faltims 12 mesos)<\/strong><\/h2>\n<hr class=\"customline\" \/>\n<p>[\/vc_column_text][\/vc_column][\/vc_row][vc_row][vc_column width=&#8221;1\/3&#8243;][vc_single_image image=&#8221;6231&#8243; alignment=&#8221;center&#8221; css=&#8221;.vc_custom_1600705278420{margin-bottom: 15px !important;}&#8221;]<div class=\"evc-counter evc-shortcode custom-counter\">\n\t<div class=\"evc-c-inner\">\n\t\t\t\t\t<span class=\"evc-c-digit\" style=\"color: #493728;font-weight: 700\">6<\/span>\n\t\t\t\t\t\t\t<h5 class=\"evc-c-title\" style=\"color: #493728\">\n\t\t\t\tProductes\t\t\t<\/h5>\n\t\t\t\t\t<\/div>\n<\/div>\n[\/vc_column][vc_column width=&#8221;1\/3&#8243;][vc_single_image image=&#8221;6233&#8243; alignment=&#8221;center&#8221; css=&#8221;.vc_custom_1600705302190{margin-bottom: 15px !important;}&#8221;]<div class=\"evc-counter evc-shortcode custom-counter\">\n\t<div class=\"evc-c-inner\">\n\t\t\t\t\t<span class=\"evc-c-digit\" style=\"color: #493728;font-weight: 700\">12<\/span>\n\t\t\t\t\t\t\t<h5 class=\"evc-c-title\" style=\"color: #493728\">\n\t\t\t\tDesenvolupaments\t\t\t<\/h5>\n\t\t\t\t\t<\/div>\n<\/div>\n[\/vc_column][vc_column width=&#8221;1\/3&#8243;][vc_single_image image=&#8221;6229&#8243; alignment=&#8221;center&#8221; css=&#8221;.vc_custom_1600705310536{margin-bottom: 15px !important;}&#8221;]<div class=\"evc-counter evc-shortcode custom-counter\">\n\t<div class=\"evc-c-inner\">\n\t\t\t\t\t<span class=\"evc-c-digit\" style=\"color: #493728;font-weight: 700\">25<\/span>\n\t\t\t\t\t\t\t<h5 class=\"evc-c-title\" style=\"color: #493728\">\n\t\t\t\tPa\u00efsos\t\t\t<\/h5>\n\t\t\t\t\t<\/div>\n<\/div>\n[\/vc_column][\/vc_row]<\/p>\n<\/div>","protected":false},"excerpt":{"rendered":"<p>[vc_row css=&#8221;.vc_custom_1597393396937{margin-bottom: 40px !important;}&#8221;][vc_column][\/vc_column][\/vc_row][vc_row][vc_column][vc_column_text css=&#8221;&#8221;] Innovem Generem nous productes i ingredients (decoracions i inclusions) per a contextos canviants i espec\u00edfics per a cada mercat (vegans, sense sucre afegit, &#8230;). Ens adaptem a les \u00faltimes tend\u00e8ncies en sostenibilitat, comprom\u00eds i efici\u00e8ncia. Disposem de tecnologia pr\u00f2pia per produir envasos naturals a partir de closques de fruita aptes<\/p>\n","protected":false},"author":1,"featured_media":0,"parent":0,"menu_order":0,"comment_status":"closed","ping_status":"closed","template":"page-templates\/ibktropik.php","meta":{"_acf_changed":false,"footnotes":""},"class_list":["post-8641","page","type-page","status-publish","hentry"],"acf":[],"yoast_head":"<!-- This site is optimized with the Yoast SEO plugin v27.4 - https:\/\/yoast.com\/product\/yoast-seo-wordpress\/ -->\n<title>I+D+i - IBKTropic<\/title>\n<meta name=\"robots\" content=\"index, follow, max-snippet:-1, max-image-preview:large, max-video-preview:-1\" \/>\n<link rel=\"canonical\" href=\"https:\/\/www.ibktropic.com\/ca\/idi\/\" \/>\n<meta property=\"og:locale\" content=\"ca_ES\" \/>\n<meta property=\"og:type\" content=\"article\" \/>\n<meta property=\"og:title\" content=\"I+D+i - IBKTropic\" \/>\n<meta property=\"og:description\" content=\"[vc_row css=&#8221;.vc_custom_1597393396937{margin-bottom: 40px !important;}&#8221;][vc_column][\/vc_column][\/vc_row][vc_row][vc_column][vc_column_text css=&#8221;&#8221;] Innovem Generem nous productes i ingredients (decoracions i inclusions) per a contextos canviants i espec\u00edfics per a cada mercat (vegans, sense sucre afegit, &#8230;). Ens adaptem a les \u00faltimes tend\u00e8ncies en sostenibilitat, comprom\u00eds i efici\u00e8ncia. Disposem de tecnologia pr\u00f2pia per produir envasos naturals a partir de closques de fruita aptes\" \/>\n<meta property=\"og:url\" content=\"https:\/\/www.ibktropic.com\/ca\/idi\/\" \/>\n<meta property=\"og:site_name\" content=\"IBKTropic\" \/>\n<meta property=\"article:modified_time\" content=\"2025-07-21T14:51:30+00:00\" \/>\n<meta name=\"twitter:card\" content=\"summary_large_image\" \/>\n<meta name=\"twitter:label1\" content=\"Temps estimat de lectura\" \/>\n\t<meta name=\"twitter:data1\" content=\"2 minut\" \/>\n<script type=\"application\/ld+json\" class=\"yoast-schema-graph\">{\"@context\":\"https:\\\/\\\/schema.org\",\"@graph\":[{\"@type\":\"WebPage\",\"@id\":\"https:\\\/\\\/www.ibktropic.com\\\/ca\\\/idi\\\/\",\"url\":\"https:\\\/\\\/www.ibktropic.com\\\/ca\\\/idi\\\/\",\"name\":\"I+D+i - IBKTropic\",\"isPartOf\":{\"@id\":\"https:\\\/\\\/www.ibktropic.com\\\/#website\"},\"datePublished\":\"2017-10-18T15:33:05+00:00\",\"dateModified\":\"2025-07-21T14:51:30+00:00\",\"breadcrumb\":{\"@id\":\"https:\\\/\\\/www.ibktropic.com\\\/ca\\\/idi\\\/#breadcrumb\"},\"inLanguage\":\"ca\",\"potentialAction\":[{\"@type\":\"ReadAction\",\"target\":[\"https:\\\/\\\/www.ibktropic.com\\\/ca\\\/idi\\\/\"]}]},{\"@type\":\"BreadcrumbList\",\"@id\":\"https:\\\/\\\/www.ibktropic.com\\\/ca\\\/idi\\\/#breadcrumb\",\"itemListElement\":[{\"@type\":\"ListItem\",\"position\":1,\"name\":\"Portada\",\"item\":\"https:\\\/\\\/www.ibktropic.com\\\/ca\\\/\"},{\"@type\":\"ListItem\",\"position\":2,\"name\":\"I+D+i\"}]},{\"@type\":\"WebSite\",\"@id\":\"https:\\\/\\\/www.ibktropic.com\\\/#website\",\"url\":\"https:\\\/\\\/www.ibktropic.com\\\/\",\"name\":\"IBKTropic\",\"description\":\"Ingredients that inspire\",\"publisher\":{\"@id\":\"https:\\\/\\\/www.ibktropic.com\\\/#organization\"},\"potentialAction\":[{\"@type\":\"SearchAction\",\"target\":{\"@type\":\"EntryPoint\",\"urlTemplate\":\"https:\\\/\\\/www.ibktropic.com\\\/?s={search_term_string}\"},\"query-input\":{\"@type\":\"PropertyValueSpecification\",\"valueRequired\":true,\"valueName\":\"search_term_string\"}}],\"inLanguage\":\"ca\"},{\"@type\":\"Organization\",\"@id\":\"https:\\\/\\\/www.ibktropic.com\\\/#organization\",\"name\":\"IBKTropic\",\"url\":\"https:\\\/\\\/www.ibktropic.com\\\/\",\"logo\":{\"@type\":\"ImageObject\",\"inLanguage\":\"ca\",\"@id\":\"https:\\\/\\\/www.ibktropic.com\\\/#\\\/schema\\\/logo\\\/image\\\/\",\"url\":\"https:\\\/\\\/www.ibktropic.com\\\/wp-content\\\/uploads\\\/2017\\\/10\\\/IBKtropic-logo.png\",\"contentUrl\":\"https:\\\/\\\/www.ibktropic.com\\\/wp-content\\\/uploads\\\/2017\\\/10\\\/IBKtropic-logo.png\",\"width\":300,\"height\":77,\"caption\":\"IBKTropic\"},\"image\":{\"@id\":\"https:\\\/\\\/www.ibktropic.com\\\/#\\\/schema\\\/logo\\\/image\\\/\"}}]}<\/script>\n<!-- \/ Yoast SEO plugin. -->","yoast_head_json":{"title":"I+D+i - IBKTropic","robots":{"index":"index","follow":"follow","max-snippet":"max-snippet:-1","max-image-preview":"max-image-preview:large","max-video-preview":"max-video-preview:-1"},"canonical":"https:\/\/www.ibktropic.com\/ca\/idi\/","og_locale":"ca_ES","og_type":"article","og_title":"I+D+i - IBKTropic","og_description":"[vc_row css=&#8221;.vc_custom_1597393396937{margin-bottom: 40px !important;}&#8221;][vc_column][\/vc_column][\/vc_row][vc_row][vc_column][vc_column_text css=&#8221;&#8221;] Innovem Generem nous productes i ingredients (decoracions i inclusions) per a contextos canviants i espec\u00edfics per a cada mercat (vegans, sense sucre afegit, &#8230;). Ens adaptem a les \u00faltimes tend\u00e8ncies en sostenibilitat, comprom\u00eds i efici\u00e8ncia. Disposem de tecnologia pr\u00f2pia per produir envasos naturals a partir de closques de fruita aptes","og_url":"https:\/\/www.ibktropic.com\/ca\/idi\/","og_site_name":"IBKTropic","article_modified_time":"2025-07-21T14:51:30+00:00","twitter_card":"summary_large_image","twitter_misc":{"Temps estimat de lectura":"2 minut"},"schema":{"@context":"https:\/\/schema.org","@graph":[{"@type":"WebPage","@id":"https:\/\/www.ibktropic.com\/ca\/idi\/","url":"https:\/\/www.ibktropic.com\/ca\/idi\/","name":"I+D+i - IBKTropic","isPartOf":{"@id":"https:\/\/www.ibktropic.com\/#website"},"datePublished":"2017-10-18T15:33:05+00:00","dateModified":"2025-07-21T14:51:30+00:00","breadcrumb":{"@id":"https:\/\/www.ibktropic.com\/ca\/idi\/#breadcrumb"},"inLanguage":"ca","potentialAction":[{"@type":"ReadAction","target":["https:\/\/www.ibktropic.com\/ca\/idi\/"]}]},{"@type":"BreadcrumbList","@id":"https:\/\/www.ibktropic.com\/ca\/idi\/#breadcrumb","itemListElement":[{"@type":"ListItem","position":1,"name":"Portada","item":"https:\/\/www.ibktropic.com\/ca\/"},{"@type":"ListItem","position":2,"name":"I+D+i"}]},{"@type":"WebSite","@id":"https:\/\/www.ibktropic.com\/#website","url":"https:\/\/www.ibktropic.com\/","name":"IBKTropic","description":"Ingredients that inspire","publisher":{"@id":"https:\/\/www.ibktropic.com\/#organization"},"potentialAction":[{"@type":"SearchAction","target":{"@type":"EntryPoint","urlTemplate":"https:\/\/www.ibktropic.com\/?s={search_term_string}"},"query-input":{"@type":"PropertyValueSpecification","valueRequired":true,"valueName":"search_term_string"}}],"inLanguage":"ca"},{"@type":"Organization","@id":"https:\/\/www.ibktropic.com\/#organization","name":"IBKTropic","url":"https:\/\/www.ibktropic.com\/","logo":{"@type":"ImageObject","inLanguage":"ca","@id":"https:\/\/www.ibktropic.com\/#\/schema\/logo\/image\/","url":"https:\/\/www.ibktropic.com\/wp-content\/uploads\/2017\/10\/IBKtropic-logo.png","contentUrl":"https:\/\/www.ibktropic.com\/wp-content\/uploads\/2017\/10\/IBKtropic-logo.png","width":300,"height":77,"caption":"IBKTropic"},"image":{"@id":"https:\/\/www.ibktropic.com\/#\/schema\/logo\/image\/"}}]}},"_links":{"self":[{"href":"https:\/\/www.ibktropic.com\/ca\/wp-json\/wp\/v2\/pages\/8641","targetHints":{"allow":["GET"]}}],"collection":[{"href":"https:\/\/www.ibktropic.com\/ca\/wp-json\/wp\/v2\/pages"}],"about":[{"href":"https:\/\/www.ibktropic.com\/ca\/wp-json\/wp\/v2\/types\/page"}],"author":[{"embeddable":true,"href":"https:\/\/www.ibktropic.com\/ca\/wp-json\/wp\/v2\/users\/1"}],"replies":[{"embeddable":true,"href":"https:\/\/www.ibktropic.com\/ca\/wp-json\/wp\/v2\/comments?post=8641"}],"version-history":[{"count":2,"href":"https:\/\/www.ibktropic.com\/ca\/wp-json\/wp\/v2\/pages\/8641\/revisions"}],"predecessor-version":[{"id":8648,"href":"https:\/\/www.ibktropic.com\/ca\/wp-json\/wp\/v2\/pages\/8641\/revisions\/8648"}],"wp:attachment":[{"href":"https:\/\/www.ibktropic.com\/ca\/wp-json\/wp\/v2\/media?parent=8641"}],"curies":[{"name":"wp","href":"https:\/\/api.w.org\/{rel}","templated":true}]}}