{"id":8649,"date":"2017-10-18T17:48:49","date_gmt":"2017-10-18T15:48:49","guid":{"rendered":"https:\/\/www.ibktropic.com\/contacto\/"},"modified":"2025-07-22T12:12:43","modified_gmt":"2025-07-22T10:12:43","slug":"contacte","status":"publish","type":"page","link":"https:\/\/www.ibktropic.com\/ca\/contacte\/","title":{"rendered":"Contacte"},"content":{"rendered":"<div class=\"wpb-content-wrapper\"><p>[vc_row][vc_column][vc_gmaps link=&#8221;#E-8_JTNDaWZyYW1lJTIwc3JjJTNEJTIyaHR0cHMlM0ElMkYlMkZ3d3cuZ29vZ2xlLmNvbSUyRm1hcHMlMkZlbWJlZCUzRnBiJTNEJTIxMW0xOCUyMTFtMTIlMjExbTMlMjExZDI5OTMuMDMyMTcwOTY2NzczNyUyMTJkMi4xNzQ1NzM4MTYwODExNzAzJTIxM2Q0MS4zOTUxMDc3MDM0NzgxMiUyMTJtMyUyMTFmMCUyMTJmMCUyMTNmMCUyMTNtMiUyMTFpMTAyNCUyMTJpNzY4JTIxNGYxMy4xJTIxM20zJTIxMW0yJTIxMXMweDEyYTRhMmU1Y2RmNTgzZWQlMjUzQTB4OTFlYzE2MDk2ODRjOTUlMjEyc1BsYXphJTJCZGUlMkJUZXR1YW4lMjUyQyUyQjQwJTI1MkMlMkIwODAxMCUyQkJhcmNlbG9uYSUyMTVlMCUyMTNtMiUyMTFzZXMlMjEyc2VzJTIxNHYxNTA4MzQxNjg2NjA3JTIyJTIwd2lkdGglM0QlMjIxMDAlMjUlMjIlMjBoZWlnaHQlM0QlMjI0NTAlMjIlMjBmcmFtZWJvcmRlciUzRCUyMjAlMjIlMjBzdHlsZSUzRCUyMmJvcmRlciUzQTAlMjIlMjBhbGxvd2Z1bGxzY3JlZW4lM0UlM0MlMkZpZnJhbWUlM0U=&#8221;][vc_empty_space][\/vc_column][\/vc_row][vc_row el_class=&#8221;contact-info&#8221;][vc_column width=&#8221;1\/3&#8243;][vc_column_text css=&#8221;&#8221;]<strong>ADRE\u00c7A<br \/>\n<\/strong>IBK Tropic S.A.<br \/>\nPla\u00e7a Tetuan 40-41 &#8211; 08010 Barcelona[\/vc_column_text][\/vc_column][vc_column width=&#8221;1\/3&#8243;][vc_column_text css=&#8221;&#8221;]<strong><span class=\"subtitle\">INFORMACI\u00d3 I COMPRES<\/span><\/strong><br \/>\ncomercial@ibktropic.com[\/vc_column_text][\/vc_column][vc_column width=&#8221;1\/3&#8243;][vc_column_text css=&#8221;&#8221;]<strong><span class=\"subtitle\">CONTACTE<\/span><\/strong><br \/>\nTel. +34 932 325 005[\/vc_column_text][\/vc_column][\/vc_row][vc_row el_class=&#8221;contact-form&#8221;][vc_column][vc_empty_space][vc_column_text css=&#8221;&#8221;]<\/p>\n<h2>Per a consultes sobre una comanda o per a m\u00e9s informaci\u00f3 sobre els nostres productes, omple el seg\u00fcent formulari.<\/h2>\n<p>[\/vc_column_text]\n<div class=\"wpcf7 no-js\" id=\"wpcf7-f9414-o1\" lang=\"es-ES\" dir=\"ltr\" data-wpcf7-id=\"9414\">\n<div class=\"screen-reader-response\"><p role=\"status\" aria-live=\"polite\" aria-atomic=\"true\"><\/p> <ul><\/ul><\/div>\n<form action=\"\/ca\/wp-json\/wp\/v2\/pages\/8649#wpcf7-f9414-o1\" method=\"post\" class=\"wpcf7-form init\" aria-label=\"Formulario de contacto\" novalidate=\"novalidate\" data-status=\"init\">\n<fieldset class=\"hidden-fields-container\"><input type=\"hidden\" name=\"_wpcf7\" value=\"9414\" \/><input type=\"hidden\" name=\"_wpcf7_version\" value=\"6.1.5\" \/><input type=\"hidden\" name=\"_wpcf7_locale\" value=\"es_ES\" \/><input type=\"hidden\" name=\"_wpcf7_unit_tag\" value=\"wpcf7-f9414-o1\" \/><input type=\"hidden\" name=\"_wpcf7_container_post\" value=\"0\" \/><input type=\"hidden\" name=\"_wpcf7_posted_data_hash\" value=\"\" \/><input type=\"hidden\" name=\"_wpcf7_recaptcha_response\" value=\"\" \/>\n<\/fieldset>\n<p><label> Nom*<br \/>\n<span class=\"wpcf7-form-control-wrap\" data-name=\"your-name\"><input size=\"40\" maxlength=\"400\" class=\"wpcf7-form-control wpcf7-text wpcf7-validates-as-required\" aria-required=\"true\" aria-invalid=\"false\" value=\"\" type=\"text\" name=\"your-name\" \/><\/span> <\/label>\n<\/p>\n<p><label> Email*<br \/>\n<span class=\"wpcf7-form-control-wrap\" data-name=\"your-email\"><input size=\"40\" maxlength=\"400\" class=\"wpcf7-form-control wpcf7-email wpcf7-validates-as-required wpcf7-text wpcf7-validates-as-email\" aria-required=\"true\" aria-invalid=\"false\" value=\"\" type=\"email\" name=\"your-email\" \/><\/span> <\/label>\n<\/p>\n<p><label> Assumpte<br \/>\n<span class=\"wpcf7-form-control-wrap\" data-name=\"your-subject\"><input size=\"40\" maxlength=\"400\" class=\"wpcf7-form-control wpcf7-text\" aria-invalid=\"false\" value=\"\" type=\"text\" name=\"your-subject\" \/><\/span> <\/label>\n<\/p>\n<p><label> Missatge<br \/>\n<span class=\"wpcf7-form-control-wrap\" data-name=\"your-message\"><textarea cols=\"40\" rows=\"10\" maxlength=\"2000\" class=\"wpcf7-form-control wpcf7-textarea\" aria-invalid=\"false\" name=\"your-message\"><\/textarea><\/span> <\/label>\n<\/p>\n<div class=\"compulsory\">\n\t<p>*Camps obligatoris\n\t<\/p>\n<\/div>\n<p><span class=\"form-legal\">*Les dades personals recopilades seran objecte de tractament per part d'IBK TROPIC, S.A., amb la finalitat de gestionar la vostra consulta. Si voleu accedir, oposar-vos, rectificar o cancel\u00b7lar les vostres dades personals, o executar qualsevol altre dels drets legals en aquesta mat\u00e8ria, us preguem ens envieu carta adjuntant c\u00f2pia del vostre DNI a la seg\u00fcent adre\u00e7a: IBK Tropic, SA, Pla\u00e7a Tetuan, 40-41, 2a planta, despatx 40, 08010 \u2013 Barcelona. oa l'adre\u00e7a de correu electr\u00f2nic contabilidad@ibktropic.com, especificant a l'assumpte \"Protecci\u00f3 de Dades\" i indicant el dret que desitja exercitar.<br \/>\nA IBK TROPIC, S.A. estem compromesos amb protegir la vostra privadesa i assegurar que la vostra informaci\u00f3 personal est\u00e0 protegida. Per a m\u00e9s informaci\u00f3, si us plau, visiteu la nostra <a href=\"\/ca\/politica-de-privacitat\/\">Pol\u00edtica de Privacitat<\/a>, la <a href=\"\/ca\/politica-de-cookies\/\">Pol\u00edtica de Cookies<\/a> i <a href=\"\/ca\/avis-legal\/\">l'Av\u00eds Legal<\/a>.<\/span><br \/>\n<span class=\"wpcf7-form-control-wrap\" data-name=\"acceptance-381\"><span class=\"wpcf7-form-control wpcf7-acceptance\"><span class=\"wpcf7-list-item\"><label><input type=\"checkbox\" name=\"acceptance-381\" value=\"1\" class=\"acceptance\" aria-invalid=\"false\" \/><span class=\"wpcf7-list-item-label\">He llegit i accepto la <a href=\"\/ca\/politica-de-privacitat\/\">Pol\u00edtica de Privacitat<\/a>, la <a href=\"\/ca\/politica-de-cookies\/\">Pol\u00edtica de Cookies<\/a> i <a href=\"\/ca\/avis-legal\/\">l'Av\u00eds Legal<\/a><\/span><\/label><\/span><\/span><\/span>\n<\/p>\n<p><input class=\"wpcf7-form-control wpcf7-submit has-spinner\" type=\"submit\" value=\"Enviar\" \/>\n<\/p><div class=\"wpcf7-response-output\" aria-hidden=\"true\"><\/div>\n<\/form>\n<\/div>\n[\/vc_column][\/vc_row]<\/p>\n<\/div>","protected":false},"excerpt":{"rendered":"<p>[vc_row][vc_column][vc_gmaps link=&#8221;#E-8_JTNDaWZyYW1lJTIwc3JjJTNEJTIyaHR0cHMlM0ElMkYlMkZ3d3cuZ29vZ2xlLmNvbSUyRm1hcHMlMkZlbWJlZCUzRnBiJTNEJTIxMW0xOCUyMTFtMTIlMjExbTMlMjExZDI5OTMuMDMyMTcwOTY2NzczNyUyMTJkMi4xNzQ1NzM4MTYwODExNzAzJTIxM2Q0MS4zOTUxMDc3MDM0NzgxMiUyMTJtMyUyMTFmMCUyMTJmMCUyMTNmMCUyMTNtMiUyMTFpMTAyNCUyMTJpNzY4JTIxNGYxMy4xJTIxM20zJTIxMW0yJTIxMXMweDEyYTRhMmU1Y2RmNTgzZWQlMjUzQTB4OTFlYzE2MDk2ODRjOTUlMjEyc1BsYXphJTJCZGUlMkJUZXR1YW4lMjUyQyUyQjQwJTI1MkMlMkIwODAxMCUyQkJhcmNlbG9uYSUyMTVlMCUyMTNtMiUyMTFzZXMlMjEyc2VzJTIxNHYxNTA4MzQxNjg2NjA3JTIyJTIwd2lkdGglM0QlMjIxMDAlMjUlMjIlMjBoZWlnaHQlM0QlMjI0NTAlMjIlMjBmcmFtZWJvcmRlciUzRCUyMjAlMjIlMjBzdHlsZSUzRCUyMmJvcmRlciUzQTAlMjIlMjBhbGxvd2Z1bGxzY3JlZW4lM0UlM0MlMkZpZnJhbWUlM0U=&#8221;][vc_empty_space][\/vc_column][\/vc_row][vc_row el_class=&#8221;contact-info&#8221;][vc_column width=&#8221;1\/3&#8243;][vc_column_text css=&#8221;&#8221;]ADRE\u00c7A IBK Tropic S.A. Pla\u00e7a Tetuan 40-41 &#8211; 08010 Barcelona[\/vc_column_text][\/vc_column][vc_column width=&#8221;1\/3&#8243;][vc_column_text css=&#8221;&#8221;]INFORMACI\u00d3 I COMPRES comercial@ibktropic.com[\/vc_column_text][\/vc_column][vc_column width=&#8221;1\/3&#8243;][vc_column_text css=&#8221;&#8221;]CONTACTE Tel. +34 932 325 005[\/vc_column_text][\/vc_column][\/vc_row][vc_row el_class=&#8221;contact-form&#8221;][vc_column][vc_empty_space][vc_column_text css=&#8221;&#8221;] Per a consultes sobre una comanda o per a m\u00e9s informaci\u00f3 sobre els nostres productes, omple el seg\u00fcent formulari. [\/vc_column_text][\/vc_column][\/vc_row]<\/p>\n","protected":false},"author":1,"featured_media":0,"parent":0,"menu_order":0,"comment_status":"closed","ping_status":"closed","template":"","meta":{"_acf_changed":false,"footnotes":""},"class_list":["post-8649","page","type-page","status-publish","hentry"],"acf":[],"yoast_head":"<!-- This site is optimized with the Yoast SEO plugin v27.4 - https:\/\/yoast.com\/product\/yoast-seo-wordpress\/ -->\n<title>Contacte - IBKTropic<\/title>\n<meta name=\"robots\" content=\"index, follow, max-snippet:-1, max-image-preview:large, max-video-preview:-1\" \/>\n<link rel=\"canonical\" href=\"https:\/\/www.ibktropic.com\/ca\/contacte\/\" \/>\n<meta property=\"og:locale\" content=\"ca_ES\" \/>\n<meta property=\"og:type\" content=\"article\" \/>\n<meta property=\"og:title\" content=\"Contacte - IBKTropic\" \/>\n<meta property=\"og:description\" content=\"[vc_row][vc_column][vc_gmaps link=&#8221;#E-8_JTNDaWZyYW1lJTIwc3JjJTNEJTIyaHR0cHMlM0ElMkYlMkZ3d3cuZ29vZ2xlLmNvbSUyRm1hcHMlMkZlbWJlZCUzRnBiJTNEJTIxMW0xOCUyMTFtMTIlMjExbTMlMjExZDI5OTMuMDMyMTcwOTY2NzczNyUyMTJkMi4xNzQ1NzM4MTYwODExNzAzJTIxM2Q0MS4zOTUxMDc3MDM0NzgxMiUyMTJtMyUyMTFmMCUyMTJmMCUyMTNmMCUyMTNtMiUyMTFpMTAyNCUyMTJpNzY4JTIxNGYxMy4xJTIxM20zJTIxMW0yJTIxMXMweDEyYTRhMmU1Y2RmNTgzZWQlMjUzQTB4OTFlYzE2MDk2ODRjOTUlMjEyc1BsYXphJTJCZGUlMkJUZXR1YW4lMjUyQyUyQjQwJTI1MkMlMkIwODAxMCUyQkJhcmNlbG9uYSUyMTVlMCUyMTNtMiUyMTFzZXMlMjEyc2VzJTIxNHYxNTA4MzQxNjg2NjA3JTIyJTIwd2lkdGglM0QlMjIxMDAlMjUlMjIlMjBoZWlnaHQlM0QlMjI0NTAlMjIlMjBmcmFtZWJvcmRlciUzRCUyMjAlMjIlMjBzdHlsZSUzRCUyMmJvcmRlciUzQTAlMjIlMjBhbGxvd2Z1bGxzY3JlZW4lM0UlM0MlMkZpZnJhbWUlM0U=&#8221;][vc_empty_space][\/vc_column][\/vc_row][vc_row el_class=&#8221;contact-info&#8221;][vc_column width=&#8221;1\/3&#8243;][vc_column_text css=&#8221;&#8221;]ADRE\u00c7A IBK Tropic S.A. Pla\u00e7a Tetuan 40-41 &#8211; 08010 Barcelona[\/vc_column_text][\/vc_column][vc_column width=&#8221;1\/3&#8243;][vc_column_text css=&#8221;&#8221;]INFORMACI\u00d3 I COMPRES comercial@ibktropic.com[\/vc_column_text][\/vc_column][vc_column width=&#8221;1\/3&#8243;][vc_column_text css=&#8221;&#8221;]CONTACTE Tel. +34 932 325 005[\/vc_column_text][\/vc_column][\/vc_row][vc_row el_class=&#8221;contact-form&#8221;][vc_column][vc_empty_space][vc_column_text css=&#8221;&#8221;] Per a consultes sobre una comanda o per a m\u00e9s informaci\u00f3 sobre els nostres productes, omple el seg\u00fcent formulari. [\/vc_column_text][\/vc_column][\/vc_row]\" \/>\n<meta property=\"og:url\" content=\"https:\/\/www.ibktropic.com\/ca\/contacte\/\" \/>\n<meta property=\"og:site_name\" content=\"IBKTropic\" \/>\n<meta property=\"article:modified_time\" content=\"2025-07-22T10:12:43+00:00\" \/>\n<meta name=\"twitter:card\" content=\"summary_large_image\" \/>\n<meta name=\"twitter:label1\" content=\"Temps estimat de lectura\" \/>\n\t<meta name=\"twitter:data1\" content=\"1 minut\" \/>\n<script type=\"application\/ld+json\" class=\"yoast-schema-graph\">{\"@context\":\"https:\\\/\\\/schema.org\",\"@graph\":[{\"@type\":\"WebPage\",\"@id\":\"https:\\\/\\\/www.ibktropic.com\\\/ca\\\/contacte\\\/\",\"url\":\"https:\\\/\\\/www.ibktropic.com\\\/ca\\\/contacte\\\/\",\"name\":\"Contacte - IBKTropic\",\"isPartOf\":{\"@id\":\"https:\\\/\\\/www.ibktropic.com\\\/#website\"},\"datePublished\":\"2017-10-18T15:48:49+00:00\",\"dateModified\":\"2025-07-22T10:12:43+00:00\",\"breadcrumb\":{\"@id\":\"https:\\\/\\\/www.ibktropic.com\\\/ca\\\/contacte\\\/#breadcrumb\"},\"inLanguage\":\"ca\",\"potentialAction\":[{\"@type\":\"ReadAction\",\"target\":[\"https:\\\/\\\/www.ibktropic.com\\\/ca\\\/contacte\\\/\"]}]},{\"@type\":\"BreadcrumbList\",\"@id\":\"https:\\\/\\\/www.ibktropic.com\\\/ca\\\/contacte\\\/#breadcrumb\",\"itemListElement\":[{\"@type\":\"ListItem\",\"position\":1,\"name\":\"Portada\",\"item\":\"https:\\\/\\\/www.ibktropic.com\\\/ca\\\/\"},{\"@type\":\"ListItem\",\"position\":2,\"name\":\"Contacte\"}]},{\"@type\":\"WebSite\",\"@id\":\"https:\\\/\\\/www.ibktropic.com\\\/#website\",\"url\":\"https:\\\/\\\/www.ibktropic.com\\\/\",\"name\":\"IBKTropic\",\"description\":\"Ingredients that inspire\",\"publisher\":{\"@id\":\"https:\\\/\\\/www.ibktropic.com\\\/#organization\"},\"potentialAction\":[{\"@type\":\"SearchAction\",\"target\":{\"@type\":\"EntryPoint\",\"urlTemplate\":\"https:\\\/\\\/www.ibktropic.com\\\/?s={search_term_string}\"},\"query-input\":{\"@type\":\"PropertyValueSpecification\",\"valueRequired\":true,\"valueName\":\"search_term_string\"}}],\"inLanguage\":\"ca\"},{\"@type\":\"Organization\",\"@id\":\"https:\\\/\\\/www.ibktropic.com\\\/#organization\",\"name\":\"IBKTropic\",\"url\":\"https:\\\/\\\/www.ibktropic.com\\\/\",\"logo\":{\"@type\":\"ImageObject\",\"inLanguage\":\"ca\",\"@id\":\"https:\\\/\\\/www.ibktropic.com\\\/#\\\/schema\\\/logo\\\/image\\\/\",\"url\":\"https:\\\/\\\/www.ibktropic.com\\\/wp-content\\\/uploads\\\/2017\\\/10\\\/IBKtropic-logo.png\",\"contentUrl\":\"https:\\\/\\\/www.ibktropic.com\\\/wp-content\\\/uploads\\\/2017\\\/10\\\/IBKtropic-logo.png\",\"width\":300,\"height\":77,\"caption\":\"IBKTropic\"},\"image\":{\"@id\":\"https:\\\/\\\/www.ibktropic.com\\\/#\\\/schema\\\/logo\\\/image\\\/\"}}]}<\/script>\n<!-- \/ Yoast SEO plugin. -->","yoast_head_json":{"title":"Contacte - IBKTropic","robots":{"index":"index","follow":"follow","max-snippet":"max-snippet:-1","max-image-preview":"max-image-preview:large","max-video-preview":"max-video-preview:-1"},"canonical":"https:\/\/www.ibktropic.com\/ca\/contacte\/","og_locale":"ca_ES","og_type":"article","og_title":"Contacte - IBKTropic","og_description":"[vc_row][vc_column][vc_gmaps link=&#8221;#E-8_JTNDaWZyYW1lJTIwc3JjJTNEJTIyaHR0cHMlM0ElMkYlMkZ3d3cuZ29vZ2xlLmNvbSUyRm1hcHMlMkZlbWJlZCUzRnBiJTNEJTIxMW0xOCUyMTFtMTIlMjExbTMlMjExZDI5OTMuMDMyMTcwOTY2NzczNyUyMTJkMi4xNzQ1NzM4MTYwODExNzAzJTIxM2Q0MS4zOTUxMDc3MDM0NzgxMiUyMTJtMyUyMTFmMCUyMTJmMCUyMTNmMCUyMTNtMiUyMTFpMTAyNCUyMTJpNzY4JTIxNGYxMy4xJTIxM20zJTIxMW0yJTIxMXMweDEyYTRhMmU1Y2RmNTgzZWQlMjUzQTB4OTFlYzE2MDk2ODRjOTUlMjEyc1BsYXphJTJCZGUlMkJUZXR1YW4lMjUyQyUyQjQwJTI1MkMlMkIwODAxMCUyQkJhcmNlbG9uYSUyMTVlMCUyMTNtMiUyMTFzZXMlMjEyc2VzJTIxNHYxNTA4MzQxNjg2NjA3JTIyJTIwd2lkdGglM0QlMjIxMDAlMjUlMjIlMjBoZWlnaHQlM0QlMjI0NTAlMjIlMjBmcmFtZWJvcmRlciUzRCUyMjAlMjIlMjBzdHlsZSUzRCUyMmJvcmRlciUzQTAlMjIlMjBhbGxvd2Z1bGxzY3JlZW4lM0UlM0MlMkZpZnJhbWUlM0U=&#8221;][vc_empty_space][\/vc_column][\/vc_row][vc_row el_class=&#8221;contact-info&#8221;][vc_column width=&#8221;1\/3&#8243;][vc_column_text css=&#8221;&#8221;]ADRE\u00c7A IBK Tropic S.A. Pla\u00e7a Tetuan 40-41 &#8211; 08010 Barcelona[\/vc_column_text][\/vc_column][vc_column width=&#8221;1\/3&#8243;][vc_column_text css=&#8221;&#8221;]INFORMACI\u00d3 I COMPRES comercial@ibktropic.com[\/vc_column_text][\/vc_column][vc_column width=&#8221;1\/3&#8243;][vc_column_text css=&#8221;&#8221;]CONTACTE Tel. +34 932 325 005[\/vc_column_text][\/vc_column][\/vc_row][vc_row el_class=&#8221;contact-form&#8221;][vc_column][vc_empty_space][vc_column_text css=&#8221;&#8221;] Per a consultes sobre una comanda o per a m\u00e9s informaci\u00f3 sobre els nostres productes, omple el seg\u00fcent formulari. [\/vc_column_text][\/vc_column][\/vc_row]","og_url":"https:\/\/www.ibktropic.com\/ca\/contacte\/","og_site_name":"IBKTropic","article_modified_time":"2025-07-22T10:12:43+00:00","twitter_card":"summary_large_image","twitter_misc":{"Temps estimat de lectura":"1 minut"},"schema":{"@context":"https:\/\/schema.org","@graph":[{"@type":"WebPage","@id":"https:\/\/www.ibktropic.com\/ca\/contacte\/","url":"https:\/\/www.ibktropic.com\/ca\/contacte\/","name":"Contacte - IBKTropic","isPartOf":{"@id":"https:\/\/www.ibktropic.com\/#website"},"datePublished":"2017-10-18T15:48:49+00:00","dateModified":"2025-07-22T10:12:43+00:00","breadcrumb":{"@id":"https:\/\/www.ibktropic.com\/ca\/contacte\/#breadcrumb"},"inLanguage":"ca","potentialAction":[{"@type":"ReadAction","target":["https:\/\/www.ibktropic.com\/ca\/contacte\/"]}]},{"@type":"BreadcrumbList","@id":"https:\/\/www.ibktropic.com\/ca\/contacte\/#breadcrumb","itemListElement":[{"@type":"ListItem","position":1,"name":"Portada","item":"https:\/\/www.ibktropic.com\/ca\/"},{"@type":"ListItem","position":2,"name":"Contacte"}]},{"@type":"WebSite","@id":"https:\/\/www.ibktropic.com\/#website","url":"https:\/\/www.ibktropic.com\/","name":"IBKTropic","description":"Ingredients that inspire","publisher":{"@id":"https:\/\/www.ibktropic.com\/#organization"},"potentialAction":[{"@type":"SearchAction","target":{"@type":"EntryPoint","urlTemplate":"https:\/\/www.ibktropic.com\/?s={search_term_string}"},"query-input":{"@type":"PropertyValueSpecification","valueRequired":true,"valueName":"search_term_string"}}],"inLanguage":"ca"},{"@type":"Organization","@id":"https:\/\/www.ibktropic.com\/#organization","name":"IBKTropic","url":"https:\/\/www.ibktropic.com\/","logo":{"@type":"ImageObject","inLanguage":"ca","@id":"https:\/\/www.ibktropic.com\/#\/schema\/logo\/image\/","url":"https:\/\/www.ibktropic.com\/wp-content\/uploads\/2017\/10\/IBKtropic-logo.png","contentUrl":"https:\/\/www.ibktropic.com\/wp-content\/uploads\/2017\/10\/IBKtropic-logo.png","width":300,"height":77,"caption":"IBKTropic"},"image":{"@id":"https:\/\/www.ibktropic.com\/#\/schema\/logo\/image\/"}}]}},"_links":{"self":[{"href":"https:\/\/www.ibktropic.com\/ca\/wp-json\/wp\/v2\/pages\/8649","targetHints":{"allow":["GET"]}}],"collection":[{"href":"https:\/\/www.ibktropic.com\/ca\/wp-json\/wp\/v2\/pages"}],"about":[{"href":"https:\/\/www.ibktropic.com\/ca\/wp-json\/wp\/v2\/types\/page"}],"author":[{"embeddable":true,"href":"https:\/\/www.ibktropic.com\/ca\/wp-json\/wp\/v2\/users\/1"}],"replies":[{"embeddable":true,"href":"https:\/\/www.ibktropic.com\/ca\/wp-json\/wp\/v2\/comments?post=8649"}],"version-history":[{"count":3,"href":"https:\/\/www.ibktropic.com\/ca\/wp-json\/wp\/v2\/pages\/8649\/revisions"}],"predecessor-version":[{"id":9417,"href":"https:\/\/www.ibktropic.com\/ca\/wp-json\/wp\/v2\/pages\/8649\/revisions\/9417"}],"wp:attachment":[{"href":"https:\/\/www.ibktropic.com\/ca\/wp-json\/wp\/v2\/media?parent=8649"}],"curies":[{"name":"wp","href":"https:\/\/api.w.org\/{rel}","templated":true}]}}