{"id":8665,"date":"2018-11-19T19:08:31","date_gmt":"2018-11-19T18:08:31","guid":{"rendered":"https:\/\/www.ibktropic.com\/politica-de-privacidad\/"},"modified":"2025-07-21T21:51:20","modified_gmt":"2025-07-21T19:51:20","slug":"politica-de-privacitat","status":"publish","type":"page","link":"https:\/\/www.ibktropic.com\/ca\/politica-de-privacitat\/","title":{"rendered":"Pol\u00edtica de privacitat"},"content":{"rendered":"<div class=\"wpb-content-wrapper\"><p>[vc_row][vc_column][vc_column_text css=&#8221;&#8221;]Ens esforcem molt a construir i mantenir una relaci\u00f3 de confian\u00e7a amb vost\u00e8. Per aix\u00f2, a l\u2019hora de tractar les seves dades personals, ho fem amb molta cura i de manera molt responsable, per no trair aquesta confian\u00e7a. Aquesta pol\u00edtica li permet saber com ho fem, quin tipus d\u2019informaci\u00f3 recopilem, com la fem servir i com la protegim, aix\u00ed com les diferents opcions que vost\u00e8 t\u00e9 per decidir qu\u00e8 podem fer amb aquesta informaci\u00f3, d\u2019acord amb la normativa de protecci\u00f3 de dades espanyola i europea. El nostre objectiu \u00e9s ajudar-lo a entendre com fem servir la seva informaci\u00f3 personal per millorar els nostres continguts, productes, publicitat i serveis.<\/p>\n<p><strong>1. Qui \u00e9s el responsable del tractament i a qui pot dirigir-se?<\/strong><\/p>\n<p>La societat responsable i l\u2019adre\u00e7a a efectes d\u2019exercici de drets s\u00f3n:<\/p>\n<p>Identitat: IBK TROPIC, S.A. \u2013 CIF A58444159<br \/>\nAdre\u00e7a postal: Pla\u00e7a Tetuan, 40-41, 2a planta, despatx 40, 08010 \u2013 Barcelona<br \/>\nCorreu electr\u00f2nic: contabilidad@ibktropic.com<br \/>\nResponsable del tractament: Maura Sans Rovira<br \/>\nContacte: maura.sans@ibktropic.com<br \/>\nLloc web: www.ibktropic.com<\/p>\n<p><strong>2. Quines fonts i dades tractem?<\/strong><\/p>\n<p>Dades que obtenim directament de vost\u00e8; dades que recopilem quan contacta amb nosaltres, visita el nostre lloc web, fa servir la nostra aplicaci\u00f3, consumeix els nostres productes o visualitza algun dels nostres anuncis; informaci\u00f3 que ens proporcionen altres empreses amb el seu consentiment previ per compartir o cedir dades personals, o que s\u2019han assegurat que poden fer-ho legalment.<\/p>\n<p>Podem agrupar aquestes dades per crear millors productes, serveis i experi\u00e8ncies per a vost\u00e8. Segons el servei, les dades tractades poden incloure:<\/p>\n<p>Dades identificatives (nom, cognoms, DNI, adre\u00e7a postal, correu electr\u00f2nic, tel\u00e8fon)<\/p>\n<p>Dades de compres efectuades per vost\u00e8<\/p>\n<p>Dades comercials (inter\u00e8s en productes determinats)<\/p>\n<p><strong>3. Amb quina finalitat tractem les seves dades?<\/strong><\/p>\n<p>Les dades personals es tracten per a:<\/p>\n<p>Enviar productes i serveis que ha sol\u00b7licitat<\/p>\n<p>Enviar informaci\u00f3 sobre els nostres productes o dels nostres socis<\/p>\n<p>Mantenir operatius els serveis i el lloc web<\/p>\n<p>Tamb\u00e9 les fem servir per respondre consultes, gestionar prefer\u00e8ncies, tramitar pagaments o realitzar estudis de consum. Aix\u00f2 ens permet crear o millorar productes segons les necessitats dels consumidors.<\/p>\n<p>Tamb\u00e9 podem utilitzar una cookie d\u2019identificaci\u00f3 per evitar mostrar-li reiteradament la mateixa informaci\u00f3. A m\u00e9s, podem fer servir dades agregades i no identificables per analitzar h\u00e0bits de consum i millorar els nostres serveis.<\/p>\n<p><strong>4. Qui rep i a qui es comuniquen les seves dades?<\/strong><\/p>\n<p>Dins d\u2019IBK, nom\u00e9s tenen acc\u00e9s a les dades els departaments que les necessiten per complir obligacions legals o contractuals. Els nostres prove\u00efdors de serveis poden accedir a les dades sota garanties adequades.<\/p>\n<p>Tamb\u00e9 podrem comunicar dades si la llei ho exigeix, si ho permet la relaci\u00f3 contractual o amb el seu consentiment.<\/p>\n<p>Les dades podran comunicar-se a:<\/p>\n<p>Organismes i Administracions P\u00fabliques<\/p>\n<p>Entitats financeres (per a la gesti\u00f3 de cobraments i pagaments)<\/p>\n<p>Empreses del grup IBK<\/p>\n<p><strong>5. Quines dades es transmeten a pa\u00efsos tercers o organitzacions internacionals?<\/strong><\/p>\n<p>Nom\u00e9s es transmetran dades fora de la UE si \u00e9s necessari per executar comandes, si ho exigeix la llei o amb el seu consentiment.<\/p>\n<p>IBK t\u00e9 contractat l\u2019emmagatzematge digital amb l\u2019empresa ACCELERA TECNOLOGIA MES SOFTWARE S.L., amb la qual ha signat un contracte de confidencialitat.<\/p>\n<p><strong>6. Durant quant temps es conservaran les seves dades?<\/strong><\/p>\n<p>Les dades es conservaran mentre sigui necessari per complir les obligacions legals o contractuals, o mentre no revoqui el seu consentiment.<\/p>\n<p>Un cop acabada la relaci\u00f3 comercial i sense reclamacions pendents, les dades quedaran bloquejades fins a la prescripci\u00f3 legal de possibles accions. Posteriorment, podran ser esborrades o anonimitzades per a \u00fas estad\u00edstic o intern.<\/p>\n<p><strong>7. Quins drets t\u00e9 en mat\u00e8ria de protecci\u00f3 de dades?<\/strong><\/p>\n<p>T\u00e9 dret a:<\/p>\n<p>Accedir a les seves dades personals<\/p>\n<p>Sol\u00b7licitar la rectificaci\u00f3 o supressi\u00f3<\/p>\n<p>Sol\u00b7licitar la limitaci\u00f3 del tractament<\/p>\n<p>Oposar-se al tractament<\/p>\n<p>Rebre les seves dades en format estructurat i transmetre-les a un altre responsable (portabilitat)<\/p>\n<p>Presentar una reclamaci\u00f3 davant una autoritat de control<\/p>\n<p>Pot revocar en qualsevol moment el consentiment atorgat. Aquesta revocaci\u00f3 no afectar\u00e0 la licitud del tractament anterior.<\/p>\n<p>Per exercir aquests drets cal identificar-se (DNI, passaport, NIE, etc.) i enviar la sol\u00b7licitud a:<\/p>\n<p>Correu electr\u00f2nic: contabilidad@ibktropic.com<\/p>\n<p>Correu postal: IBK Tropic, S.A., Pla\u00e7a Tetuan, 40-41, 2a planta, despatx 40, 08010 \u2013 Barcelona[\/vc_column_text][\/vc_column][\/vc_row]<\/p>\n<\/div>","protected":false},"excerpt":{"rendered":"<p>[vc_row][vc_column][vc_column_text css=&#8221;&#8221;]Ens esforcem molt a construir i mantenir una relaci\u00f3 de confian\u00e7a amb vost\u00e8. Per aix\u00f2, a l\u2019hora de tractar les seves dades personals, ho fem amb molta cura i de manera molt responsable, per no trair aquesta confian\u00e7a. Aquesta pol\u00edtica li permet saber com ho fem, quin tipus d\u2019informaci\u00f3 recopilem, com la fem servir<\/p>\n","protected":false},"author":1,"featured_media":0,"parent":0,"menu_order":0,"comment_status":"closed","ping_status":"closed","template":"","meta":{"_acf_changed":false,"footnotes":""},"class_list":["post-8665","page","type-page","status-publish","hentry"],"acf":[],"yoast_head":"<!-- This site is optimized with the Yoast SEO plugin v27.4 - https:\/\/yoast.com\/product\/yoast-seo-wordpress\/ -->\n<title>Pol\u00edtica de privacitat - IBKTropic<\/title>\n<meta name=\"robots\" content=\"index, follow, max-snippet:-1, max-image-preview:large, max-video-preview:-1\" \/>\n<link rel=\"canonical\" href=\"https:\/\/www.ibktropic.com\/ca\/politica-de-privacitat\/\" \/>\n<meta property=\"og:locale\" content=\"ca_ES\" \/>\n<meta property=\"og:type\" content=\"article\" \/>\n<meta property=\"og:title\" content=\"Pol\u00edtica de privacitat - IBKTropic\" \/>\n<meta property=\"og:description\" content=\"[vc_row][vc_column][vc_column_text css=&#8221;&#8221;]Ens esforcem molt a construir i mantenir una relaci\u00f3 de confian\u00e7a amb vost\u00e8. Per aix\u00f2, a l\u2019hora de tractar les seves dades personals, ho fem amb molta cura i de manera molt responsable, per no trair aquesta confian\u00e7a. Aquesta pol\u00edtica li permet saber com ho fem, quin tipus d\u2019informaci\u00f3 recopilem, com la fem servir\" \/>\n<meta property=\"og:url\" content=\"https:\/\/www.ibktropic.com\/ca\/politica-de-privacitat\/\" \/>\n<meta property=\"og:site_name\" content=\"IBKTropic\" \/>\n<meta property=\"article:modified_time\" content=\"2025-07-21T19:51:20+00:00\" \/>\n<meta name=\"twitter:card\" content=\"summary_large_image\" \/>\n<meta name=\"twitter:label1\" content=\"Temps estimat de lectura\" \/>\n\t<meta name=\"twitter:data1\" content=\"7 minut\" \/>\n<script type=\"application\/ld+json\" class=\"yoast-schema-graph\">{\"@context\":\"https:\\\/\\\/schema.org\",\"@graph\":[{\"@type\":\"WebPage\",\"@id\":\"https:\\\/\\\/www.ibktropic.com\\\/ca\\\/politica-de-privacitat\\\/\",\"url\":\"https:\\\/\\\/www.ibktropic.com\\\/ca\\\/politica-de-privacitat\\\/\",\"name\":\"Pol\u00edtica de privacitat - IBKTropic\",\"isPartOf\":{\"@id\":\"https:\\\/\\\/www.ibktropic.com\\\/#website\"},\"datePublished\":\"2018-11-19T18:08:31+00:00\",\"dateModified\":\"2025-07-21T19:51:20+00:00\",\"breadcrumb\":{\"@id\":\"https:\\\/\\\/www.ibktropic.com\\\/ca\\\/politica-de-privacitat\\\/#breadcrumb\"},\"inLanguage\":\"ca\",\"potentialAction\":[{\"@type\":\"ReadAction\",\"target\":[\"https:\\\/\\\/www.ibktropic.com\\\/ca\\\/politica-de-privacitat\\\/\"]}]},{\"@type\":\"BreadcrumbList\",\"@id\":\"https:\\\/\\\/www.ibktropic.com\\\/ca\\\/politica-de-privacitat\\\/#breadcrumb\",\"itemListElement\":[{\"@type\":\"ListItem\",\"position\":1,\"name\":\"Portada\",\"item\":\"https:\\\/\\\/www.ibktropic.com\\\/ca\\\/\"},{\"@type\":\"ListItem\",\"position\":2,\"name\":\"Pol\u00edtica de privacitat\"}]},{\"@type\":\"WebSite\",\"@id\":\"https:\\\/\\\/www.ibktropic.com\\\/#website\",\"url\":\"https:\\\/\\\/www.ibktropic.com\\\/\",\"name\":\"IBKTropic\",\"description\":\"Ingredients that inspire\",\"publisher\":{\"@id\":\"https:\\\/\\\/www.ibktropic.com\\\/#organization\"},\"potentialAction\":[{\"@type\":\"SearchAction\",\"target\":{\"@type\":\"EntryPoint\",\"urlTemplate\":\"https:\\\/\\\/www.ibktropic.com\\\/?s={search_term_string}\"},\"query-input\":{\"@type\":\"PropertyValueSpecification\",\"valueRequired\":true,\"valueName\":\"search_term_string\"}}],\"inLanguage\":\"ca\"},{\"@type\":\"Organization\",\"@id\":\"https:\\\/\\\/www.ibktropic.com\\\/#organization\",\"name\":\"IBKTropic\",\"url\":\"https:\\\/\\\/www.ibktropic.com\\\/\",\"logo\":{\"@type\":\"ImageObject\",\"inLanguage\":\"ca\",\"@id\":\"https:\\\/\\\/www.ibktropic.com\\\/#\\\/schema\\\/logo\\\/image\\\/\",\"url\":\"https:\\\/\\\/www.ibktropic.com\\\/wp-content\\\/uploads\\\/2017\\\/10\\\/IBKtropic-logo.png\",\"contentUrl\":\"https:\\\/\\\/www.ibktropic.com\\\/wp-content\\\/uploads\\\/2017\\\/10\\\/IBKtropic-logo.png\",\"width\":300,\"height\":77,\"caption\":\"IBKTropic\"},\"image\":{\"@id\":\"https:\\\/\\\/www.ibktropic.com\\\/#\\\/schema\\\/logo\\\/image\\\/\"}}]}<\/script>\n<!-- \/ Yoast SEO plugin. -->","yoast_head_json":{"title":"Pol\u00edtica de privacitat - IBKTropic","robots":{"index":"index","follow":"follow","max-snippet":"max-snippet:-1","max-image-preview":"max-image-preview:large","max-video-preview":"max-video-preview:-1"},"canonical":"https:\/\/www.ibktropic.com\/ca\/politica-de-privacitat\/","og_locale":"ca_ES","og_type":"article","og_title":"Pol\u00edtica de privacitat - IBKTropic","og_description":"[vc_row][vc_column][vc_column_text css=&#8221;&#8221;]Ens esforcem molt a construir i mantenir una relaci\u00f3 de confian\u00e7a amb vost\u00e8. Per aix\u00f2, a l\u2019hora de tractar les seves dades personals, ho fem amb molta cura i de manera molt responsable, per no trair aquesta confian\u00e7a. Aquesta pol\u00edtica li permet saber com ho fem, quin tipus d\u2019informaci\u00f3 recopilem, com la fem servir","og_url":"https:\/\/www.ibktropic.com\/ca\/politica-de-privacitat\/","og_site_name":"IBKTropic","article_modified_time":"2025-07-21T19:51:20+00:00","twitter_card":"summary_large_image","twitter_misc":{"Temps estimat de lectura":"7 minut"},"schema":{"@context":"https:\/\/schema.org","@graph":[{"@type":"WebPage","@id":"https:\/\/www.ibktropic.com\/ca\/politica-de-privacitat\/","url":"https:\/\/www.ibktropic.com\/ca\/politica-de-privacitat\/","name":"Pol\u00edtica de privacitat - IBKTropic","isPartOf":{"@id":"https:\/\/www.ibktropic.com\/#website"},"datePublished":"2018-11-19T18:08:31+00:00","dateModified":"2025-07-21T19:51:20+00:00","breadcrumb":{"@id":"https:\/\/www.ibktropic.com\/ca\/politica-de-privacitat\/#breadcrumb"},"inLanguage":"ca","potentialAction":[{"@type":"ReadAction","target":["https:\/\/www.ibktropic.com\/ca\/politica-de-privacitat\/"]}]},{"@type":"BreadcrumbList","@id":"https:\/\/www.ibktropic.com\/ca\/politica-de-privacitat\/#breadcrumb","itemListElement":[{"@type":"ListItem","position":1,"name":"Portada","item":"https:\/\/www.ibktropic.com\/ca\/"},{"@type":"ListItem","position":2,"name":"Pol\u00edtica de privacitat"}]},{"@type":"WebSite","@id":"https:\/\/www.ibktropic.com\/#website","url":"https:\/\/www.ibktropic.com\/","name":"IBKTropic","description":"Ingredients that inspire","publisher":{"@id":"https:\/\/www.ibktropic.com\/#organization"},"potentialAction":[{"@type":"SearchAction","target":{"@type":"EntryPoint","urlTemplate":"https:\/\/www.ibktropic.com\/?s={search_term_string}"},"query-input":{"@type":"PropertyValueSpecification","valueRequired":true,"valueName":"search_term_string"}}],"inLanguage":"ca"},{"@type":"Organization","@id":"https:\/\/www.ibktropic.com\/#organization","name":"IBKTropic","url":"https:\/\/www.ibktropic.com\/","logo":{"@type":"ImageObject","inLanguage":"ca","@id":"https:\/\/www.ibktropic.com\/#\/schema\/logo\/image\/","url":"https:\/\/www.ibktropic.com\/wp-content\/uploads\/2017\/10\/IBKtropic-logo.png","contentUrl":"https:\/\/www.ibktropic.com\/wp-content\/uploads\/2017\/10\/IBKtropic-logo.png","width":300,"height":77,"caption":"IBKTropic"},"image":{"@id":"https:\/\/www.ibktropic.com\/#\/schema\/logo\/image\/"}}]}},"_links":{"self":[{"href":"https:\/\/www.ibktropic.com\/ca\/wp-json\/wp\/v2\/pages\/8665","targetHints":{"allow":["GET"]}}],"collection":[{"href":"https:\/\/www.ibktropic.com\/ca\/wp-json\/wp\/v2\/pages"}],"about":[{"href":"https:\/\/www.ibktropic.com\/ca\/wp-json\/wp\/v2\/types\/page"}],"author":[{"embeddable":true,"href":"https:\/\/www.ibktropic.com\/ca\/wp-json\/wp\/v2\/users\/1"}],"replies":[{"embeddable":true,"href":"https:\/\/www.ibktropic.com\/ca\/wp-json\/wp\/v2\/comments?post=8665"}],"version-history":[{"count":1,"href":"https:\/\/www.ibktropic.com\/ca\/wp-json\/wp\/v2\/pages\/8665\/revisions"}],"predecessor-version":[{"id":8666,"href":"https:\/\/www.ibktropic.com\/ca\/wp-json\/wp\/v2\/pages\/8665\/revisions\/8666"}],"wp:attachment":[{"href":"https:\/\/www.ibktropic.com\/ca\/wp-json\/wp\/v2\/media?parent=8665"}],"curies":[{"name":"wp","href":"https:\/\/api.w.org\/{rel}","templated":true}]}}