{"id":8667,"date":"2018-11-19T19:02:36","date_gmt":"2018-11-19T18:02:36","guid":{"rendered":"https:\/\/www.ibktropic.com\/aviso-legal\/"},"modified":"2025-07-21T21:52:44","modified_gmt":"2025-07-21T19:52:44","slug":"avis-legal","status":"publish","type":"page","link":"https:\/\/www.ibktropic.com\/ca\/avis-legal\/","title":{"rendered":"Av\u00eds legal"},"content":{"rendered":"<div class=\"wpb-content-wrapper\"><p>[vc_row][vc_column][vc_column_text css=&#8221;&#8221; el_class=&#8221;article .entry-content p { text-align: justify; }&#8221;]Les presents condicions generals d\u2019\u00fas d\u2019aquest lloc web (d\u2019ara endavant, el \u201cLloc Web\u201d), juntament amb les condicions particulars que es puguin establir, tenen per finalitat la regulaci\u00f3 i informaci\u00f3 als usuaris sobre els productes que comercialitza i promociona a trav\u00e9s del present Lloc Web la societat IBK TROPIC, S.A. (d\u2019ara endavant, \u201cIBK\u201d) i la regulaci\u00f3 de l\u2019\u00fas del Lloc Web.<\/p>\n<p>La navegaci\u00f3 i l\u2019\u00fas dels serveis del Lloc Web suposen l\u2019acceptaci\u00f3 per part de l\u2019usuari, i sense cap reserva, de totes les condicions generals d\u2019\u00fas, de les condicions generals de contractaci\u00f3, si n\u2019hi hagu\u00e9s, i de qualsevol altra que pugui existir en relaci\u00f3 amb l\u2019adquisici\u00f3 de productes d\u2019IBK.<\/p>\n<p>IBK podr\u00e0 en qualsevol moment i sense av\u00eds previ, modificar les presents condicions generals i les condicions particulars que s\u2019hi incloguin mitjan\u00e7ant la publicaci\u00f3 de les citades modificacions en el Lloc Web perqu\u00e8 siguin conegudes pr\u00e8viament pels usuaris. Qualsevol canvi que es produeixi en aquestes condicions ser\u00e0 comunicat a la p\u00e0gina principal del web durant un per\u00edode que es consideri raonable.<\/p>\n<p><strong>1. Titularitat del lloc web<\/strong><\/p>\n<p>IBK TROPIC, S.A., amb domicili social a la Pla\u00e7a Tetuan, n\u00famero 40-41, 2a planta, despatx 40, 08010 \u2013 Barcelona, amb CIF n\u00famero A-58444159 i inscrita al Registre Mercantil de Barcelona al tom 8985, foli 145, llibre 0, fulla 34066, \u00e9s la titular del Lloc Web i el posa a disposici\u00f3 dels usuaris d\u2019Internet amb la finalitat de proporcionar informaci\u00f3 sobre els productes que comercialitza.<\/p>\n<p>Podeu contactar amb IBK a l\u2019apartat de Contacte del Lloc Web o mitjan\u00e7ant qualsevol dels seg\u00fcents mitjans:<\/p>\n<p>Tel\u00e8fon: +34 93 232 50 05<br \/>\nCorreu electr\u00f2nic: contabilidad@ibktropic.com<br \/>\nAdre\u00e7a postal: Pla\u00e7a Tetuan, n\u00famero 40-41, 2a planta, despatx 40, 08010 \u2013 Barcelona.<\/p>\n<p><strong>2. Protecci\u00f3 de dades personals<\/strong><\/p>\n<p>Les dades personals dels usuaris que es proporcionin i recullin en aquest Lloc Web seran tractades per IBK, d\u2019acord amb el que s\u2019estableix a la Pol\u00edtica de Privacitat.<\/p>\n<p><strong>3. Cookies<\/strong><\/p>\n<p>Durant la utilitzaci\u00f3 del Lloc Web, IBK podr\u00e0 instal\u00b7lar cookies a l\u2019ordinador de l\u2019usuari. Les cookies s\u2019utilitzen amb la finalitat de personalitzar serveis i continguts, facilitar la navegaci\u00f3 i fer estad\u00edstiques d\u2019\u00fas de la p\u00e0gina. Si ho desitgeu, podeu configurar el vostre dispositiu perqu\u00e8 avisi a la pantalla quan es rebin cookies i per evitar-ne la instal\u00b7laci\u00f3 al disc dur. Consulteu les instruccions i manuals del vostre navegador per ampliar aquesta informaci\u00f3.<\/p>\n<p>Per a m\u00e9s detalls sobre com utilitza IBK les cookies, consulteu la Pol\u00edtica de Cookies.<\/p>\n<p><strong>4. Propietat industrial i intel\u00b7lectual<\/strong><\/p>\n<p>Tots els continguts inclosos en el Lloc Web i en particular les marques, noms comercials, dissenys industrials, dissenys, textos, fotografies, gr\u00e0fics, logotips, v\u00eddeos, icones, programari o qualsevol altre signe susceptible d\u2019\u00fas industrial i comercial estan protegits per drets de propietat industrial i intel\u00b7lectual d\u2019IBK o de tercers titulars que n\u2019han autoritzat la inclusi\u00f3 al Lloc Web. Per tant, queda prohibida qualsevol utilitzaci\u00f3 i\/o reproducci\u00f3 dels mateixos sense el consentiment expr\u00e9s d\u2019IBK.<\/p>\n<p>IBK no ser\u00e0 responsable de la infracci\u00f3 dels drets de propietat intel\u00b7lectual o industrial de tercers que pugui derivar-se de la inclusi\u00f3 al Lloc Web de marques, noms comercials, dissenys industrials, patents, dissenys, textos, fotografies, gr\u00e0fics, logotips, icones o programari pertanyents a tercers que hagin declarat ser-ne titulars en incloure\u2019ls al Lloc Web.<\/p>\n<p>En cap cas s\u2019entendr\u00e0 que l\u2019acc\u00e9s i la navegaci\u00f3 de l\u2019usuari implica una autoritzaci\u00f3 o que s\u2019efectua ren\u00fancia, transmissi\u00f3, cessi\u00f3 total o parcial d\u2019aquests drets ni la concessi\u00f3 de cap dret ni expectativa de dret i en concret, de l\u2019alteraci\u00f3, transformaci\u00f3, explotaci\u00f3, reproducci\u00f3, distribuci\u00f3 o comunicaci\u00f3 p\u00fablica sobre aquests continguts sense la pr\u00e8via autoritzaci\u00f3 expressa d\u2019IBK o dels titulars corresponents.<\/p>\n<p>Qualsevol \u00fas no autoritzat del contingut d\u2019aquest Lloc Web suposar\u00e0 una infracci\u00f3 de les lleis de Propietat Intel\u00b7lectual, Propietat Industrial i\/o compet\u00e8ncia deslleial, aix\u00ed com d\u2019altres possibles normes. IBK exercir\u00e0 les accions civils i\/o penals que corresponguin contra aquells que infringeixin o lesionin els seus drets.<\/p>\n<p>Els textos continguts en aquest Lloc Web tenen un car\u00e0cter merament informatiu i en cap cas constitueixen un comprom\u00eds o garantia per part d\u2019IBK.<\/p>\n<p><strong>5. Pol\u00edtica d\u2019hipervincles<\/strong><\/p>\n<p>IBK no autoritza l\u2019establiment d\u2019enlla\u00e7os al seu Lloc Web, llevat que se sol\u00b7liciti expressament el seu consentiment. IBK valorar\u00e0 si les p\u00e0gines d\u2019origen des de les quals es pret\u00e9n establir l\u2019enlla\u00e7 compleixen les condicions per a aquesta autoritzaci\u00f3.<\/p>\n<p>Els enlla\u00e7os autoritzats s\u2019hauran d\u2019establir sempre a la p\u00e0gina principal d\u2019IBK o, si escau, a la que la pr\u00f2pia IBK determini, essent aquest enlla\u00e7 absolut i complet de manera que porti l\u2019usuari al lloc d\u2019IBK que haur\u00e0 d\u2019ocupar completament tota l\u2019extensi\u00f3 de la pantalla de la p\u00e0gina principal.<\/p>\n<p>IBK no ser\u00e0 responsable del contingut de les p\u00e0gines web de destinaci\u00f3 que s\u2019estableixin mitjan\u00e7ant enlla\u00e7os al Lloc Web ni tampoc de les infraccions de drets de tercers que aquestes p\u00e0gines poguessin cometre.<\/p>\n<p><strong>6. Responsabilitat d\u2019IBK<\/strong><\/p>\n<p>L\u2019usuari reconeix i accepta que l\u2019\u00fas del Lloc Web i dels seus serveis es realitza sota la seva total responsabilitat.<\/p>\n<p>IBK nom\u00e9s respondr\u00e0 dels danys que l\u2019usuari pugui patir com a conseq\u00fc\u00e8ncia de l\u2019\u00fas del Lloc Web quan aquests danys siguin imputables a una actuaci\u00f3 dolosa d\u2019IBK. No obstant aix\u00f2, declara haver adoptat totes les mesures necess\u00e0ries, dins de les seves possibilitats i de l\u2019estat de la tecnologia, per garantir el funcionament del Lloc Web i evitar l\u2019exist\u00e8ncia i transmissi\u00f3 de virus i altres components que puguin perjudicar l\u2019usuari.<\/p>\n<p><strong>7. Obligacions de l\u2019usuari<\/strong><\/p>\n<p>L\u2019usuari es compromet a utilitzar els continguts del Lloc Web de manera diligent, correcta i l\u00edcita, i s\u2019obliga a abstenir-se de:<\/p>\n<p>utilitzar els continguts amb fins o efectes contraris a la llei, a la moral, a les bones costums o a l\u2019ordre p\u00fablic; reproduir, copiar, distribuir, permetre l\u2019acc\u00e9s p\u00fablic mitjan\u00e7ant qualsevol modalitat de comunicaci\u00f3 p\u00fablica, transformar o modificar els continguts, llevat que es compti amb l\u2019autoritzaci\u00f3 corresponent del seu titular; i utilitzar els continguts del Lloc Web per enviar publicitat, comunicacions amb finalitats de venda directa o amb qualsevol altra finalitat comercial, missatges no sol\u00b7licitats dirigits a una pluralitat de persones, aix\u00ed com abstenir-se de comercialitzar o divulgar de qualsevol manera aquesta informaci\u00f3.<\/p>\n<p><strong>8. Legislaci\u00f3 aplicable<\/strong><\/p>\n<p>Les relacions establertes entre l\u2019usuari i IBK es regiran pel que disposa la normativa vigent sobre legislaci\u00f3 aplicable i jurisdicci\u00f3 competent. No obstant aix\u00f2, en aquells casos en qu\u00e8 la normativa permeti a les parts sotmetre\u2019s volunt\u00e0riament a un fur, IBK i l\u2019usuari, amb ren\u00fancia expressa a qualsevol altre fur que els pogu\u00e9s correspondre, se sotmeten als Jutjats i Tribunals de la ciutat de Barcelona. En tot cas seran aplicables les normes de l\u2019Ordenament Jur\u00eddic Espanyol.[\/vc_column_text][\/vc_column][\/vc_row]<\/p>\n<\/div>","protected":false},"excerpt":{"rendered":"<p>[vc_row][vc_column][vc_column_text css=&#8221;&#8221; el_class=&#8221;article .entry-content p { text-align: justify; }&#8221;]Les presents condicions generals d\u2019\u00fas d\u2019aquest lloc web (d\u2019ara endavant, el \u201cLloc Web\u201d), juntament amb les condicions particulars que es puguin establir, tenen per finalitat la regulaci\u00f3 i informaci\u00f3 als usuaris sobre els productes que comercialitza i promociona a trav\u00e9s del present Lloc Web la societat IBK<\/p>\n","protected":false},"author":1,"featured_media":0,"parent":0,"menu_order":0,"comment_status":"closed","ping_status":"closed","template":"","meta":{"_acf_changed":false,"footnotes":""},"class_list":["post-8667","page","type-page","status-publish","hentry"],"acf":[],"yoast_head":"<!-- This site is optimized with the Yoast SEO plugin v27.4 - https:\/\/yoast.com\/product\/yoast-seo-wordpress\/ -->\n<title>Av\u00eds legal - IBKTropic<\/title>\n<meta name=\"robots\" content=\"index, follow, max-snippet:-1, max-image-preview:large, max-video-preview:-1\" \/>\n<link rel=\"canonical\" href=\"https:\/\/www.ibktropic.com\/ca\/avis-legal\/\" \/>\n<meta property=\"og:locale\" content=\"ca_ES\" \/>\n<meta property=\"og:type\" content=\"article\" \/>\n<meta property=\"og:title\" content=\"Av\u00eds legal - IBKTropic\" \/>\n<meta property=\"og:description\" content=\"[vc_row][vc_column][vc_column_text css=&#8221;&#8221; el_class=&#8221;article .entry-content p { text-align: justify; }&#8221;]Les presents condicions generals d\u2019\u00fas d\u2019aquest lloc web (d\u2019ara endavant, el \u201cLloc Web\u201d), juntament amb les condicions particulars que es puguin establir, tenen per finalitat la regulaci\u00f3 i informaci\u00f3 als usuaris sobre els productes que comercialitza i promociona a trav\u00e9s del present Lloc Web la societat IBK\" \/>\n<meta property=\"og:url\" content=\"https:\/\/www.ibktropic.com\/ca\/avis-legal\/\" \/>\n<meta property=\"og:site_name\" content=\"IBKTropic\" \/>\n<meta property=\"article:modified_time\" content=\"2025-07-21T19:52:44+00:00\" \/>\n<meta name=\"twitter:card\" content=\"summary_large_image\" \/>\n<meta name=\"twitter:label1\" content=\"Temps estimat de lectura\" \/>\n\t<meta name=\"twitter:data1\" content=\"5 minut\" \/>\n<script type=\"application\/ld+json\" class=\"yoast-schema-graph\">{\"@context\":\"https:\\\/\\\/schema.org\",\"@graph\":[{\"@type\":\"WebPage\",\"@id\":\"https:\\\/\\\/www.ibktropic.com\\\/ca\\\/avis-legal\\\/\",\"url\":\"https:\\\/\\\/www.ibktropic.com\\\/ca\\\/avis-legal\\\/\",\"name\":\"Av\u00eds legal - IBKTropic\",\"isPartOf\":{\"@id\":\"https:\\\/\\\/www.ibktropic.com\\\/#website\"},\"datePublished\":\"2018-11-19T18:02:36+00:00\",\"dateModified\":\"2025-07-21T19:52:44+00:00\",\"breadcrumb\":{\"@id\":\"https:\\\/\\\/www.ibktropic.com\\\/ca\\\/avis-legal\\\/#breadcrumb\"},\"inLanguage\":\"ca\",\"potentialAction\":[{\"@type\":\"ReadAction\",\"target\":[\"https:\\\/\\\/www.ibktropic.com\\\/ca\\\/avis-legal\\\/\"]}]},{\"@type\":\"BreadcrumbList\",\"@id\":\"https:\\\/\\\/www.ibktropic.com\\\/ca\\\/avis-legal\\\/#breadcrumb\",\"itemListElement\":[{\"@type\":\"ListItem\",\"position\":1,\"name\":\"Portada\",\"item\":\"https:\\\/\\\/www.ibktropic.com\\\/ca\\\/\"},{\"@type\":\"ListItem\",\"position\":2,\"name\":\"Av\u00eds legal\"}]},{\"@type\":\"WebSite\",\"@id\":\"https:\\\/\\\/www.ibktropic.com\\\/#website\",\"url\":\"https:\\\/\\\/www.ibktropic.com\\\/\",\"name\":\"IBKTropic\",\"description\":\"Ingredients that inspire\",\"publisher\":{\"@id\":\"https:\\\/\\\/www.ibktropic.com\\\/#organization\"},\"potentialAction\":[{\"@type\":\"SearchAction\",\"target\":{\"@type\":\"EntryPoint\",\"urlTemplate\":\"https:\\\/\\\/www.ibktropic.com\\\/?s={search_term_string}\"},\"query-input\":{\"@type\":\"PropertyValueSpecification\",\"valueRequired\":true,\"valueName\":\"search_term_string\"}}],\"inLanguage\":\"ca\"},{\"@type\":\"Organization\",\"@id\":\"https:\\\/\\\/www.ibktropic.com\\\/#organization\",\"name\":\"IBKTropic\",\"url\":\"https:\\\/\\\/www.ibktropic.com\\\/\",\"logo\":{\"@type\":\"ImageObject\",\"inLanguage\":\"ca\",\"@id\":\"https:\\\/\\\/www.ibktropic.com\\\/#\\\/schema\\\/logo\\\/image\\\/\",\"url\":\"https:\\\/\\\/www.ibktropic.com\\\/wp-content\\\/uploads\\\/2017\\\/10\\\/IBKtropic-logo.png\",\"contentUrl\":\"https:\\\/\\\/www.ibktropic.com\\\/wp-content\\\/uploads\\\/2017\\\/10\\\/IBKtropic-logo.png\",\"width\":300,\"height\":77,\"caption\":\"IBKTropic\"},\"image\":{\"@id\":\"https:\\\/\\\/www.ibktropic.com\\\/#\\\/schema\\\/logo\\\/image\\\/\"}}]}<\/script>\n<!-- \/ Yoast SEO plugin. -->","yoast_head_json":{"title":"Av\u00eds legal - IBKTropic","robots":{"index":"index","follow":"follow","max-snippet":"max-snippet:-1","max-image-preview":"max-image-preview:large","max-video-preview":"max-video-preview:-1"},"canonical":"https:\/\/www.ibktropic.com\/ca\/avis-legal\/","og_locale":"ca_ES","og_type":"article","og_title":"Av\u00eds legal - IBKTropic","og_description":"[vc_row][vc_column][vc_column_text css=&#8221;&#8221; el_class=&#8221;article .entry-content p { text-align: justify; }&#8221;]Les presents condicions generals d\u2019\u00fas d\u2019aquest lloc web (d\u2019ara endavant, el \u201cLloc Web\u201d), juntament amb les condicions particulars que es puguin establir, tenen per finalitat la regulaci\u00f3 i informaci\u00f3 als usuaris sobre els productes que comercialitza i promociona a trav\u00e9s del present Lloc Web la societat IBK","og_url":"https:\/\/www.ibktropic.com\/ca\/avis-legal\/","og_site_name":"IBKTropic","article_modified_time":"2025-07-21T19:52:44+00:00","twitter_card":"summary_large_image","twitter_misc":{"Temps estimat de lectura":"5 minut"},"schema":{"@context":"https:\/\/schema.org","@graph":[{"@type":"WebPage","@id":"https:\/\/www.ibktropic.com\/ca\/avis-legal\/","url":"https:\/\/www.ibktropic.com\/ca\/avis-legal\/","name":"Av\u00eds legal - IBKTropic","isPartOf":{"@id":"https:\/\/www.ibktropic.com\/#website"},"datePublished":"2018-11-19T18:02:36+00:00","dateModified":"2025-07-21T19:52:44+00:00","breadcrumb":{"@id":"https:\/\/www.ibktropic.com\/ca\/avis-legal\/#breadcrumb"},"inLanguage":"ca","potentialAction":[{"@type":"ReadAction","target":["https:\/\/www.ibktropic.com\/ca\/avis-legal\/"]}]},{"@type":"BreadcrumbList","@id":"https:\/\/www.ibktropic.com\/ca\/avis-legal\/#breadcrumb","itemListElement":[{"@type":"ListItem","position":1,"name":"Portada","item":"https:\/\/www.ibktropic.com\/ca\/"},{"@type":"ListItem","position":2,"name":"Av\u00eds legal"}]},{"@type":"WebSite","@id":"https:\/\/www.ibktropic.com\/#website","url":"https:\/\/www.ibktropic.com\/","name":"IBKTropic","description":"Ingredients that inspire","publisher":{"@id":"https:\/\/www.ibktropic.com\/#organization"},"potentialAction":[{"@type":"SearchAction","target":{"@type":"EntryPoint","urlTemplate":"https:\/\/www.ibktropic.com\/?s={search_term_string}"},"query-input":{"@type":"PropertyValueSpecification","valueRequired":true,"valueName":"search_term_string"}}],"inLanguage":"ca"},{"@type":"Organization","@id":"https:\/\/www.ibktropic.com\/#organization","name":"IBKTropic","url":"https:\/\/www.ibktropic.com\/","logo":{"@type":"ImageObject","inLanguage":"ca","@id":"https:\/\/www.ibktropic.com\/#\/schema\/logo\/image\/","url":"https:\/\/www.ibktropic.com\/wp-content\/uploads\/2017\/10\/IBKtropic-logo.png","contentUrl":"https:\/\/www.ibktropic.com\/wp-content\/uploads\/2017\/10\/IBKtropic-logo.png","width":300,"height":77,"caption":"IBKTropic"},"image":{"@id":"https:\/\/www.ibktropic.com\/#\/schema\/logo\/image\/"}}]}},"_links":{"self":[{"href":"https:\/\/www.ibktropic.com\/ca\/wp-json\/wp\/v2\/pages\/8667","targetHints":{"allow":["GET"]}}],"collection":[{"href":"https:\/\/www.ibktropic.com\/ca\/wp-json\/wp\/v2\/pages"}],"about":[{"href":"https:\/\/www.ibktropic.com\/ca\/wp-json\/wp\/v2\/types\/page"}],"author":[{"embeddable":true,"href":"https:\/\/www.ibktropic.com\/ca\/wp-json\/wp\/v2\/users\/1"}],"replies":[{"embeddable":true,"href":"https:\/\/www.ibktropic.com\/ca\/wp-json\/wp\/v2\/comments?post=8667"}],"version-history":[{"count":1,"href":"https:\/\/www.ibktropic.com\/ca\/wp-json\/wp\/v2\/pages\/8667\/revisions"}],"predecessor-version":[{"id":8668,"href":"https:\/\/www.ibktropic.com\/ca\/wp-json\/wp\/v2\/pages\/8667\/revisions\/8668"}],"wp:attachment":[{"href":"https:\/\/www.ibktropic.com\/ca\/wp-json\/wp\/v2\/media?parent=8667"}],"curies":[{"name":"wp","href":"https:\/\/api.w.org\/{rel}","templated":true}]}}