{"id":8669,"date":"2018-11-19T18:54:38","date_gmt":"2018-11-19T17:54:38","guid":{"rendered":"https:\/\/www.ibktropic.com\/politica-de-cookies\/"},"modified":"2025-07-21T21:57:46","modified_gmt":"2025-07-21T19:57:46","slug":"politica-de-cookies","status":"publish","type":"page","link":"https:\/\/www.ibktropic.com\/ca\/politica-de-cookies\/","title":{"rendered":"Pol\u00edtica de Cookies"},"content":{"rendered":"<div class=\"wpb-content-wrapper\"><p>[vc_row][vc_column][vc_column_text css=&#8221;&#8221;]La present pol\u00edtica de cookies explica qu\u00e8 s\u00f3n les cookies, si s&#8217;utilitzen al lloc web www.ibktropic.com (d\u2019ara endavant, el Lloc Web) i com pot gestionar-les l\u2019usuari.<\/p>\n<p><strong>Qu\u00e8 \u00e9s una cookie?<\/strong><br \/>\nLes cookies s\u00f3n petits fitxers de dades que s\u2019allotgen a l\u2019ordinador de l\u2019usuari i que contenen determinada informaci\u00f3 sobre la visita realitzada al lloc web. La cookie es descarrega al dispositiu que utilitzes per accedir al lloc web i s\u2019emmagatzema al disc dur d\u2019aquest dispositiu. Les cookies tenen diverses utilitats, com permetre que el lloc web reconegui el teu dispositiu quan ens tornis a visitar, assegurar que reps el contingut correcte o guardar informaci\u00f3 sobre prefer\u00e8ncies o serveis que hagis proporcionat. Les cookies no danyen el teu dispositiu. En aquesta pol\u00edtica utilitzem el mot cookie per referir-nos a tots els fitxers que emmagatzemen informaci\u00f3 d\u2019aquesta manera.<\/p>\n<p><strong>IBK utilitza cookies?<\/strong><br \/>\nIBK utilitza cookies pr\u00f2pies al lloc web i tamb\u00e9 es poden carregar cookies de tercers.<\/p>\n<p><strong>Totes les cookies s\u00f3n iguals?<\/strong><br \/>\nLes cookies es poden diferenciar segons la funci\u00f3 que tenen, la seva durada o qui les gestiona. \u00c9s important tenir en compte que una mateixa cookie pot pert\u00e0nyer a diverses categories.<\/p>\n<p><strong>Cookies permanents<\/strong><br \/>\nAquestes cookies ajuden el lloc web a recordar les teves prefer\u00e8ncies per a futures visites. Per exemple, si tries veure la p\u00e0gina en franc\u00e8s la primera vegada, la seg\u00fcent vegada s\u2019obrir\u00e0 autom\u00e0ticament en franc\u00e8s. No haver d\u2019escollir l\u2019idioma cada cop fa la navegaci\u00f3 m\u00e9s f\u00e0cil i eficient.<\/p>\n<p><strong>Cookies de sessi\u00f3<\/strong><br \/>\nS\u00f3n cookies dissenyades per estar actives nom\u00e9s mentre navegues pel lloc web, i s\u2019esborren quan tanques el navegador. Algunes cookies carregades per Facebook s\u00f3n de sessi\u00f3.<\/p>\n<p><strong>Cookies anal\u00edtiques<\/strong><br \/>\nAquestes cookies ens informen sobre el funcionament de les nostres p\u00e0gines web. En molts casos utilitzem Google Analytics per monitorar-ne el rendiment. La nostra capacitat per utilitzar i compartir la informaci\u00f3 recollida per Google Analytics est\u00e0 limitada pels Termes d\u2019\u00fas de Google Analytics i la Pol\u00edtica de privacitat de Google.<\/p>\n<p><strong>Cookies publicit\u00e0ries<\/strong><br \/>\nS\u2019utilitzen per con\u00e8ixer millor els teus interessos generals, com ara les p\u00e0gines que visites o els productes que compres. Aix\u00f2 ens pot ajudar a deduir dades com l\u2019edat, estat civil, etc. Ens permet oferir publicitat de productes i serveis m\u00e9s rellevants per a tu i limitar el nombre de vegades que veus el mateix anunci.<\/p>\n<p><strong>Cookies de tercers<\/strong><br \/>\nS\u00f3n cookies enviades des d\u2019un domini que no \u00e9s gestionat per IBK. Al lloc web es poden carregar cookies de xarxes socials (com Facebook) i de Google Inc. IBK no t\u00e9 cap control sobre aquestes cookies. Per a m\u00e9s informaci\u00f3, consulta la pol\u00edtica de privacitat o de cookies del tercer corresponent.<\/p>\n<p><strong>Quines cookies utilitza el lloc web www.ibktropic.com?<\/strong><br \/>\nIBK utilitza cookies pr\u00f2pies de sessi\u00f3 i permanents per gestionar l\u2019acceptaci\u00f3 de cookies, aix\u00ed com cookies de tercers (Facebook i Google Inc.), cadascun dels quals utilitza les seves pr\u00f2pies cookies. At\u00e8s que IBK no controla les cookies de tercers, recomanem consultar-ne les pol\u00edtiques: Facebook <a href=\"https:\/\/es-es.facebook.com\/about\/privacy\/cookies\" target=\"_blank\" rel=\"noopener\">https:\/\/es-es.facebook.com\/about\/privacy\/cookies<\/a> y Google Inc. <a href=\"https:\/\/www.google.com\/intl\/es_es\/policies\/technologies\/cookies\/1\" target=\"_blank\" rel=\"noopener\">https:\/\/www.google.com\/intl\/es_es\/policies\/technologies\/cookies\/1<\/a><\/p>\n<p><strong>Com puc eliminar o desactivar les cookies?<\/strong><br \/>\nLa majoria de navegadors estan configurats per acceptar cookies autom\u00e0ticament, per\u00f2 pots modificar la configuraci\u00f3 per rebre un av\u00eds abans de rebre-les o impedir-ne l\u2019entrada.<\/p>\n<p>Pots permetre, bloquejar o eliminar les cookies mitjan\u00e7ant la configuraci\u00f3 del navegador. Aquestes opcions solen trobar-se al men\u00fa \u201copcions\u201d o \u201cprefer\u00e8ncies\u201d del navegador.<\/p>\n<p>Consulta m\u00e9s informaci\u00f3 aqu\u00ed o al men\u00fa \u201cAjuda\u201d del teu navegador:<\/p>\n<ul>\n<li><a href=\"http:\/\/support.google.com\/chrome\/bin\/answer.py?hl=es&amp;answer=95647\" target=\"_blank\" rel=\"noopener\">Chrome<\/a><\/li>\n<li><a href=\"http:\/\/windows.microsoft.com\/es-es\/windows7\/how-to-manage-cookies-in-internet-explorer-9\" target=\"_blank\" rel=\"noopener\">Explorer<\/a><\/li>\n<li><a href=\"http:\/\/support.mozilla.org\/es\/kb\/habilitar-y-deshabilitar-cookies-que-los-sitios-we\" target=\"_blank\" rel=\"noopener\">Firefox<\/a><\/li>\n<li><a href=\"http:\/\/support.apple.com\/kb\/ph5042\" target=\"_blank\" rel=\"noopener\">Safari<\/a><\/li>\n<\/ul>\n<p><strong>M\u00e9s informaci\u00f3 sobre cookies<\/strong><br \/>\nTrobar\u00e0s m\u00e9s informaci\u00f3 a:<br \/>\n<a href=\"http:\/\/www.allaboutcookies.org\" target=\"_blank\" rel=\"noopener\">www.allaboutcookies.org<\/a> o <a href=\"http:\/\/www.youronlinechoices.eu\" target=\"_blank\" rel=\"noopener\">www.youronlinechoices.eu<\/a>.[\/vc_column_text][\/vc_column][\/vc_row]<\/p>\n<\/div>","protected":false},"excerpt":{"rendered":"<p>[vc_row][vc_column][vc_column_text css=&#8221;&#8221;]La present pol\u00edtica de cookies explica qu\u00e8 s\u00f3n les cookies, si s&#8217;utilitzen al lloc web www.ibktropic.com (d\u2019ara endavant, el Lloc Web) i com pot gestionar-les l\u2019usuari. Qu\u00e8 \u00e9s una cookie? Les cookies s\u00f3n petits fitxers de dades que s\u2019allotgen a l\u2019ordinador de l\u2019usuari i que contenen determinada informaci\u00f3 sobre la visita realitzada al lloc<\/p>\n","protected":false},"author":1,"featured_media":0,"parent":0,"menu_order":0,"comment_status":"closed","ping_status":"closed","template":"","meta":{"_acf_changed":false,"footnotes":""},"class_list":["post-8669","page","type-page","status-publish","hentry"],"acf":[],"yoast_head":"<!-- This site is optimized with the Yoast SEO plugin v27.4 - https:\/\/yoast.com\/product\/yoast-seo-wordpress\/ -->\n<title>Pol\u00edtica de Cookies - IBKTropic<\/title>\n<meta name=\"robots\" content=\"index, follow, max-snippet:-1, max-image-preview:large, max-video-preview:-1\" \/>\n<link rel=\"canonical\" href=\"https:\/\/www.ibktropic.com\/ca\/politica-de-cookies\/\" \/>\n<meta property=\"og:locale\" content=\"ca_ES\" \/>\n<meta property=\"og:type\" content=\"article\" \/>\n<meta property=\"og:title\" content=\"Pol\u00edtica de Cookies - IBKTropic\" \/>\n<meta property=\"og:description\" content=\"[vc_row][vc_column][vc_column_text css=&#8221;&#8221;]La present pol\u00edtica de cookies explica qu\u00e8 s\u00f3n les cookies, si s&#8217;utilitzen al lloc web www.ibktropic.com (d\u2019ara endavant, el Lloc Web) i com pot gestionar-les l\u2019usuari. Qu\u00e8 \u00e9s una cookie? Les cookies s\u00f3n petits fitxers de dades que s\u2019allotgen a l\u2019ordinador de l\u2019usuari i que contenen determinada informaci\u00f3 sobre la visita realitzada al lloc\" \/>\n<meta property=\"og:url\" content=\"https:\/\/www.ibktropic.com\/ca\/politica-de-cookies\/\" \/>\n<meta property=\"og:site_name\" content=\"IBKTropic\" \/>\n<meta property=\"article:modified_time\" content=\"2025-07-21T19:57:46+00:00\" \/>\n<meta name=\"twitter:card\" content=\"summary_large_image\" \/>\n<meta name=\"twitter:label1\" content=\"Temps estimat de lectura\" \/>\n\t<meta name=\"twitter:data1\" content=\"3 minut\" \/>\n<script type=\"application\/ld+json\" class=\"yoast-schema-graph\">{\"@context\":\"https:\\\/\\\/schema.org\",\"@graph\":[{\"@type\":\"WebPage\",\"@id\":\"https:\\\/\\\/www.ibktropic.com\\\/ca\\\/politica-de-cookies\\\/\",\"url\":\"https:\\\/\\\/www.ibktropic.com\\\/ca\\\/politica-de-cookies\\\/\",\"name\":\"Pol\u00edtica de Cookies - IBKTropic\",\"isPartOf\":{\"@id\":\"https:\\\/\\\/www.ibktropic.com\\\/#website\"},\"datePublished\":\"2018-11-19T17:54:38+00:00\",\"dateModified\":\"2025-07-21T19:57:46+00:00\",\"breadcrumb\":{\"@id\":\"https:\\\/\\\/www.ibktropic.com\\\/ca\\\/politica-de-cookies\\\/#breadcrumb\"},\"inLanguage\":\"ca\",\"potentialAction\":[{\"@type\":\"ReadAction\",\"target\":[\"https:\\\/\\\/www.ibktropic.com\\\/ca\\\/politica-de-cookies\\\/\"]}]},{\"@type\":\"BreadcrumbList\",\"@id\":\"https:\\\/\\\/www.ibktropic.com\\\/ca\\\/politica-de-cookies\\\/#breadcrumb\",\"itemListElement\":[{\"@type\":\"ListItem\",\"position\":1,\"name\":\"Portada\",\"item\":\"https:\\\/\\\/www.ibktropic.com\\\/ca\\\/\"},{\"@type\":\"ListItem\",\"position\":2,\"name\":\"Pol\u00edtica de Cookies\"}]},{\"@type\":\"WebSite\",\"@id\":\"https:\\\/\\\/www.ibktropic.com\\\/#website\",\"url\":\"https:\\\/\\\/www.ibktropic.com\\\/\",\"name\":\"IBKTropic\",\"description\":\"Ingredients that inspire\",\"publisher\":{\"@id\":\"https:\\\/\\\/www.ibktropic.com\\\/#organization\"},\"potentialAction\":[{\"@type\":\"SearchAction\",\"target\":{\"@type\":\"EntryPoint\",\"urlTemplate\":\"https:\\\/\\\/www.ibktropic.com\\\/?s={search_term_string}\"},\"query-input\":{\"@type\":\"PropertyValueSpecification\",\"valueRequired\":true,\"valueName\":\"search_term_string\"}}],\"inLanguage\":\"ca\"},{\"@type\":\"Organization\",\"@id\":\"https:\\\/\\\/www.ibktropic.com\\\/#organization\",\"name\":\"IBKTropic\",\"url\":\"https:\\\/\\\/www.ibktropic.com\\\/\",\"logo\":{\"@type\":\"ImageObject\",\"inLanguage\":\"ca\",\"@id\":\"https:\\\/\\\/www.ibktropic.com\\\/#\\\/schema\\\/logo\\\/image\\\/\",\"url\":\"https:\\\/\\\/www.ibktropic.com\\\/wp-content\\\/uploads\\\/2017\\\/10\\\/IBKtropic-logo.png\",\"contentUrl\":\"https:\\\/\\\/www.ibktropic.com\\\/wp-content\\\/uploads\\\/2017\\\/10\\\/IBKtropic-logo.png\",\"width\":300,\"height\":77,\"caption\":\"IBKTropic\"},\"image\":{\"@id\":\"https:\\\/\\\/www.ibktropic.com\\\/#\\\/schema\\\/logo\\\/image\\\/\"}}]}<\/script>\n<!-- \/ Yoast SEO plugin. -->","yoast_head_json":{"title":"Pol\u00edtica de Cookies - IBKTropic","robots":{"index":"index","follow":"follow","max-snippet":"max-snippet:-1","max-image-preview":"max-image-preview:large","max-video-preview":"max-video-preview:-1"},"canonical":"https:\/\/www.ibktropic.com\/ca\/politica-de-cookies\/","og_locale":"ca_ES","og_type":"article","og_title":"Pol\u00edtica de Cookies - IBKTropic","og_description":"[vc_row][vc_column][vc_column_text css=&#8221;&#8221;]La present pol\u00edtica de cookies explica qu\u00e8 s\u00f3n les cookies, si s&#8217;utilitzen al lloc web www.ibktropic.com (d\u2019ara endavant, el Lloc Web) i com pot gestionar-les l\u2019usuari. Qu\u00e8 \u00e9s una cookie? Les cookies s\u00f3n petits fitxers de dades que s\u2019allotgen a l\u2019ordinador de l\u2019usuari i que contenen determinada informaci\u00f3 sobre la visita realitzada al lloc","og_url":"https:\/\/www.ibktropic.com\/ca\/politica-de-cookies\/","og_site_name":"IBKTropic","article_modified_time":"2025-07-21T19:57:46+00:00","twitter_card":"summary_large_image","twitter_misc":{"Temps estimat de lectura":"3 minut"},"schema":{"@context":"https:\/\/schema.org","@graph":[{"@type":"WebPage","@id":"https:\/\/www.ibktropic.com\/ca\/politica-de-cookies\/","url":"https:\/\/www.ibktropic.com\/ca\/politica-de-cookies\/","name":"Pol\u00edtica de Cookies - IBKTropic","isPartOf":{"@id":"https:\/\/www.ibktropic.com\/#website"},"datePublished":"2018-11-19T17:54:38+00:00","dateModified":"2025-07-21T19:57:46+00:00","breadcrumb":{"@id":"https:\/\/www.ibktropic.com\/ca\/politica-de-cookies\/#breadcrumb"},"inLanguage":"ca","potentialAction":[{"@type":"ReadAction","target":["https:\/\/www.ibktropic.com\/ca\/politica-de-cookies\/"]}]},{"@type":"BreadcrumbList","@id":"https:\/\/www.ibktropic.com\/ca\/politica-de-cookies\/#breadcrumb","itemListElement":[{"@type":"ListItem","position":1,"name":"Portada","item":"https:\/\/www.ibktropic.com\/ca\/"},{"@type":"ListItem","position":2,"name":"Pol\u00edtica de Cookies"}]},{"@type":"WebSite","@id":"https:\/\/www.ibktropic.com\/#website","url":"https:\/\/www.ibktropic.com\/","name":"IBKTropic","description":"Ingredients that inspire","publisher":{"@id":"https:\/\/www.ibktropic.com\/#organization"},"potentialAction":[{"@type":"SearchAction","target":{"@type":"EntryPoint","urlTemplate":"https:\/\/www.ibktropic.com\/?s={search_term_string}"},"query-input":{"@type":"PropertyValueSpecification","valueRequired":true,"valueName":"search_term_string"}}],"inLanguage":"ca"},{"@type":"Organization","@id":"https:\/\/www.ibktropic.com\/#organization","name":"IBKTropic","url":"https:\/\/www.ibktropic.com\/","logo":{"@type":"ImageObject","inLanguage":"ca","@id":"https:\/\/www.ibktropic.com\/#\/schema\/logo\/image\/","url":"https:\/\/www.ibktropic.com\/wp-content\/uploads\/2017\/10\/IBKtropic-logo.png","contentUrl":"https:\/\/www.ibktropic.com\/wp-content\/uploads\/2017\/10\/IBKtropic-logo.png","width":300,"height":77,"caption":"IBKTropic"},"image":{"@id":"https:\/\/www.ibktropic.com\/#\/schema\/logo\/image\/"}}]}},"_links":{"self":[{"href":"https:\/\/www.ibktropic.com\/ca\/wp-json\/wp\/v2\/pages\/8669","targetHints":{"allow":["GET"]}}],"collection":[{"href":"https:\/\/www.ibktropic.com\/ca\/wp-json\/wp\/v2\/pages"}],"about":[{"href":"https:\/\/www.ibktropic.com\/ca\/wp-json\/wp\/v2\/types\/page"}],"author":[{"embeddable":true,"href":"https:\/\/www.ibktropic.com\/ca\/wp-json\/wp\/v2\/users\/1"}],"replies":[{"embeddable":true,"href":"https:\/\/www.ibktropic.com\/ca\/wp-json\/wp\/v2\/comments?post=8669"}],"version-history":[{"count":2,"href":"https:\/\/www.ibktropic.com\/ca\/wp-json\/wp\/v2\/pages\/8669\/revisions"}],"predecessor-version":[{"id":8671,"href":"https:\/\/www.ibktropic.com\/ca\/wp-json\/wp\/v2\/pages\/8669\/revisions\/8671"}],"wp:attachment":[{"href":"https:\/\/www.ibktropic.com\/ca\/wp-json\/wp\/v2\/media?parent=8669"}],"curies":[{"name":"wp","href":"https:\/\/api.w.org\/{rel}","templated":true}]}}